{"id":16174,"date":"2023-10-17T13:55:50","date_gmt":"2023-10-17T13:55:50","guid":{"rendered":"https:\/\/dev-action.teoria.agency\/?page_id=16174"},"modified":"2024-01-04T10:50:21","modified_gmt":"2024-01-04T10:50:21","slug":"quadros-de-coluna-centralizacao-de-contagem","status":"publish","type":"page","link":"https:\/\/dev-action.teoria.agency\/en\/quadros-de-coluna-centralizacao-de-contagem\/","title":{"rendered":"Column Tables \/ Counting Centralization"},"content":{"rendered":"<div data-elementor-type=\"wp-page\" data-elementor-id=\"16174\" class=\"elementor elementor-16174\" data-elementor-post-type=\"page\">\n\t\t\t\t\t\t<section class=\"elementor-section elementor-top-section elementor-element elementor-element-bfecd03 elementor-section-full_width elementor-section-stretched elementor-section-height-default elementor-section-height-default\" data-id=\"bfecd03\" data-element_type=\"section\" data-e-type=\"section\" data-settings=\"{&quot;stretch_section&quot;:&quot;section-stretched&quot;,&quot;background_background&quot;:&quot;classic&quot;}\">\n\t\t\t\t\t\t<div class=\"elementor-container elementor-column-gap-no\">\n\t\t\t\t\t<div class=\"elementor-column elementor-col-100 elementor-top-column elementor-element elementor-element-fff7267\" data-id=\"fff7267\" data-element_type=\"column\" data-e-type=\"column\">\n\t\t\t<div class=\"elementor-widget-wrap elementor-element-populated\">\n\t\t\t\t\t\t<section class=\"elementor-section elementor-inner-section elementor-element elementor-element-c0b9d64 elementor-section-boxed elementor-section-height-default elementor-section-height-default\" data-id=\"c0b9d64\" data-element_type=\"section\" data-e-type=\"section\">\n\t\t\t\t\t\t<div class=\"elementor-container elementor-column-gap-wide\">\n\t\t\t\t\t<div class=\"elementor-column elementor-col-50 elementor-inner-column elementor-element elementor-element-4d11355\" data-id=\"4d11355\" data-element_type=\"column\" data-e-type=\"column\">\n\t\t\t<div class=\"elementor-widget-wrap elementor-element-populated\">\n\t\t\t\t\t\t<div class=\"elementor-element elementor-element-1dd7b9d elementor-widget elementor-widget-industrium_heading\" data-id=\"1dd7b9d\" data-element_type=\"widget\" data-e-type=\"widget\" data-widget_type=\"industrium_heading.default\">\n\t\t\t\t<div class=\"elementor-widget-container\">\n\t\t\t\t\t<div class=\"industrium-heading-widget\"><h2 class=\"industrium-heading\"><span class=\"industrium-subheading\">Products<\/span><span class=\"industrium-heading-content\">Column Frames<\/span><\/h2><\/div>\t\t\t\t<\/div>\n\t\t\t\t<\/div>\n\t\t\t\t<div class=\"elementor-element elementor-element-f1fadd1 popupopen elementor-widget elementor-widget-industrium_button\" data-id=\"f1fadd1\" data-element_type=\"widget\" data-e-type=\"widget\" data-widget_type=\"industrium_button.default\">\n\t\t\t\t<div class=\"elementor-widget-container\">\n\t\t\t\t\t\n        <div class=\"button-widget\">\n            <div class=\"button-container\">\n                <a class=\"industrium-button button-type-1\" href=\"#\" >\n                    Request a quote.<svg viewbox=\"0 0 13 20\"><polyline points=\"0.5 19.5 3 19.5 12.5 10 3 0.5\"><\/polyline><\/svg>                    \n                <\/a>\n            <\/div>\n        <\/div>\n        \t\t\t\t<\/div>\n\t\t\t\t<\/div>\n\t\t\t\t<div class=\"elementor-element elementor-element-dd22503 elementor-widget elementor-widget-image\" data-id=\"dd22503\" data-element_type=\"widget\" data-e-type=\"widget\" data-widget_type=\"image.default\">\n\t\t\t\t<div class=\"elementor-widget-container\">\n\t\t\t\t\t\t\t\t\t\t\t\t\t\t\t<img fetchpriority=\"high\" decoding=\"async\" width=\"800\" height=\"800\" src=\"https:\/\/dev-action.teoria.agency\/wp-content\/uploads\/2024\/01\/F8.png\" class=\"attachment-full size-full wp-image-17945\" alt=\"\" srcset=\"https:\/\/dev-action.teoria.agency\/wp-content\/uploads\/2024\/01\/F8.png 800w, https:\/\/dev-action.teoria.agency\/wp-content\/uploads\/2024\/01\/F8-300x300.png 300w, https:\/\/dev-action.teoria.agency\/wp-content\/uploads\/2024\/01\/F8-150x150.png 150w, https:\/\/dev-action.teoria.agency\/wp-content\/uploads\/2024\/01\/F8-768x768.png 768w, https:\/\/dev-action.teoria.agency\/wp-content\/uploads\/2024\/01\/F8-12x12.png 12w\" sizes=\"(max-width: 800px) 100vw, 800px\" \/>\t\t\t\t\t\t\t\t\t\t\t\t\t\t\t<\/div>\n\t\t\t\t<\/div>\n\t\t\t\t\t<\/div>\n\t\t<\/div>\n\t\t\t\t<div class=\"elementor-column elementor-col-50 elementor-inner-column elementor-element elementor-element-14e0b78\" data-id=\"14e0b78\" data-element_type=\"column\" data-e-type=\"column\">\n\t\t\t<div class=\"elementor-widget-wrap elementor-element-populated\">\n\t\t\t\t\t\t<div class=\"elementor-element elementor-element-79ed807 elementor-widget elementor-widget-text-editor\" data-id=\"79ed807\" data-element_type=\"widget\" data-e-type=\"widget\" data-widget_type=\"text-editor.default\">\n\t\t\t\t<div class=\"elementor-widget-container\">\n\t\t\t\t\t\t\t\t\t<p>The column frame is composed of<br \/>Main Disconnect Box: Must provide simultaneous disconnection for all captive conductors;<br \/>\u2013 Busbar Box: Should establish the interconnection between the disconnect switch box and the output protection boxes;<br \/>- Output Protection Box: Equipped with NH bases, disconnectors 22\u00d758 or 14\u00d751.<\/p><p>The enclosures for the column frames are metallic; however, after electrification, they have insulation equivalent to class II, ensuring that: <br \/>- Bare live parts (such as, for example, uninsulated busbars and connection terminals) are separated from all conducting parts by a distance of not less than 20 mm; <br \/>- Transparent polycarbonate cover on the busbar box and output protection box.<\/p>\t\t\t\t\t\t\t\t<\/div>\n\t\t\t\t<\/div>\n\t\t\t\t\t<\/div>\n\t\t<\/div>\n\t\t\t\t\t<\/div>\n\t\t<\/section>\n\t\t\t\t\t<\/div>\n\t\t<\/div>\n\t\t\t\t\t<\/div>\n\t\t<\/section>\n\t\t\t\t<section class=\"elementor-section elementor-top-section elementor-element elementor-element-fb6429a elementor-section-full_width elementor-section-stretched elementor-section-height-default elementor-section-height-default\" data-id=\"fb6429a\" data-element_type=\"section\" data-e-type=\"section\" data-settings=\"{&quot;stretch_section&quot;:&quot;section-stretched&quot;,&quot;background_background&quot;:&quot;classic&quot;}\">\n\t\t\t\t\t\t<div class=\"elementor-container elementor-column-gap-no\">\n\t\t\t\t\t<div class=\"elementor-column elementor-col-100 elementor-top-column elementor-element elementor-element-95c034a\" data-id=\"95c034a\" data-element_type=\"column\" data-e-type=\"column\">\n\t\t\t<div class=\"elementor-widget-wrap elementor-element-populated\">\n\t\t\t\t\t\t<section class=\"elementor-section elementor-inner-section elementor-element elementor-element-d8aba36 elementor-reverse-mobile_extra elementor-reverse-mobile elementor-section-boxed elementor-section-height-default elementor-section-height-default\" data-id=\"d8aba36\" data-element_type=\"section\" data-e-type=\"section\">\n\t\t\t\t\t\t<div class=\"elementor-container elementor-column-gap-wide\">\n\t\t\t\t\t<div class=\"elementor-column elementor-col-50 elementor-inner-column elementor-element elementor-element-c075db1\" data-id=\"c075db1\" data-element_type=\"column\" data-e-type=\"column\">\n\t\t\t<div class=\"elementor-widget-wrap elementor-element-populated\">\n\t\t\t\t\t\t<div class=\"elementor-element elementor-element-6ba9134 elementor-widget elementor-widget-industrium_heading\" data-id=\"6ba9134\" data-element_type=\"widget\" data-e-type=\"widget\" data-widget_type=\"industrium_heading.default\">\n\t\t\t\t<div class=\"elementor-widget-container\">\n\t\t\t\t\t<div class=\"industrium-heading-widget\"><h2 class=\"industrium-heading\"><span class=\"industrium-subheading\">Products<\/span><span class=\"industrium-heading-content\">Count Centralization<\/span><\/h2><\/div>\t\t\t\t<\/div>\n\t\t\t\t<\/div>\n\t\t\t\t<div class=\"elementor-element elementor-element-8bdf1b4 popupopen elementor-widget elementor-widget-industrium_button\" data-id=\"8bdf1b4\" data-element_type=\"widget\" data-e-type=\"widget\" data-widget_type=\"industrium_button.default\">\n\t\t\t\t<div class=\"elementor-widget-container\">\n\t\t\t\t\t\n        <div class=\"button-widget\">\n            <div class=\"button-container\">\n                <a class=\"industrium-button button-type-1\" href=\"#\" >\n                    Request a quote.<svg viewbox=\"0 0 13 20\"><polyline points=\"0.5 19.5 3 19.5 12.5 10 3 0.5\"><\/polyline><\/svg>                    \n                <\/a>\n            <\/div>\n        <\/div>\n        \t\t\t\t<\/div>\n\t\t\t\t<\/div>\n\t\t\t\t<div class=\"elementor-element elementor-element-3c57664 elementor-widget elementor-widget-image\" data-id=\"3c57664\" data-element_type=\"widget\" data-e-type=\"widget\" data-widget_type=\"image.default\">\n\t\t\t\t<div class=\"elementor-widget-container\">\n\t\t\t\t\t\t\t\t\t\t\t\t\t\t\t<img decoding=\"async\" width=\"1024\" height=\"1016\" src=\"https:\/\/dev-action.teoria.agency\/wp-content\/uploads\/2024\/01\/F9.jpg\" class=\"attachment-full size-full wp-image-17946\" alt=\"\" srcset=\"https:\/\/dev-action.teoria.agency\/wp-content\/uploads\/2024\/01\/F9.jpg 1024w, https:\/\/dev-action.teoria.agency\/wp-content\/uploads\/2024\/01\/F9-300x298.jpg 300w, https:\/\/dev-action.teoria.agency\/wp-content\/uploads\/2024\/01\/F9-150x150.jpg 150w, https:\/\/dev-action.teoria.agency\/wp-content\/uploads\/2024\/01\/F9-768x762.jpg 768w, https:\/\/dev-action.teoria.agency\/wp-content\/uploads\/2024\/01\/F9-12x12.jpg 12w\" sizes=\"(max-width: 1024px) 100vw, 1024px\" \/>\t\t\t\t\t\t\t\t\t\t\t\t\t\t\t<\/div>\n\t\t\t\t<\/div>\n\t\t\t\t\t<\/div>\n\t\t<\/div>\n\t\t\t\t<div class=\"elementor-column elementor-col-50 elementor-inner-column elementor-element elementor-element-8c6584e\" data-id=\"8c6584e\" data-element_type=\"column\" data-e-type=\"column\">\n\t\t\t<div class=\"elementor-widget-wrap elementor-element-populated\">\n\t\t\t\t\t\t<div class=\"elementor-element elementor-element-de00aa5 elementor-widget elementor-widget-text-editor\" data-id=\"de00aa5\" data-element_type=\"widget\" data-e-type=\"widget\" data-widget_type=\"text-editor.default\">\n\t\t\t\t<div class=\"elementor-widget-container\">\n\t\t\t\t\t\t\t\t\t<p>The centralization of electric energy meters comes to the market with the clear objective of:<\/p><p>- Improving the quality of electrical installations; <br \/>- Facilitating the work of the installer; <br \/>- Reducing material waste on-site, thereby contributing to a better environment; <br \/>- Facilitating the reading of energy consumption by the distributor; <br \/>- Facilitating possible individual power increases, as each fraction has a direct feed to the centralization.<\/p><p>The centralization of counting is carried out with class II enclosures with a transparent cover, allowing easy reading, control of counting equipment, and other elements. The covers are fixed with screws and can be sealed if necessary. The busbar box can accommodate the busbar and fuses, or separate boxes can be used for the busbar and the fuses.<br \/>The counting centralization is dimensioned (with space) for three-phase inputs and for three-phase counting equipment, even if the installation is designed for single-phase, allowing for the future transition from a single-phase to a three-phase input.<\/p>\t\t\t\t\t\t\t\t<\/div>\n\t\t\t\t<\/div>\n\t\t\t\t\t<\/div>\n\t\t<\/div>\n\t\t\t\t\t<\/div>\n\t\t<\/section>\n\t\t\t\t\t<\/div>\n\t\t<\/div>\n\t\t\t\t\t<\/div>\n\t\t<\/section>\n\t\t\t\t<section class=\"elementor-section elementor-top-section elementor-element elementor-element-ccb1f7e elementor-section-boxed elementor-section-height-default elementor-section-height-default\" data-id=\"ccb1f7e\" data-element_type=\"section\" data-e-type=\"section\">\n\t\t\t\t\t\t<div class=\"elementor-container elementor-column-gap-default\">\n\t\t\t\t\t<div class=\"elementor-column elementor-col-100 elementor-top-column elementor-element elementor-element-f9bbf7c\" data-id=\"f9bbf7c\" data-element_type=\"column\" data-e-type=\"column\">\n\t\t\t<div class=\"elementor-widget-wrap elementor-element-populated\">\n\t\t\t\t\t\t<section class=\"elementor-section elementor-inner-section elementor-element elementor-element-febb619 elementor-section-row-wrap elementor-section-height-min-height elementor-section-boxed elementor-section-height-default\" data-id=\"febb619\" data-element_type=\"section\" data-e-type=\"section\" data-settings=\"{&quot;background_background&quot;:&quot;classic&quot;}\">\n\t\t\t\t\t\t\t<div class=\"elementor-background-overlay\"><\/div>\n\t\t\t\t\t\t\t<div class=\"elementor-container elementor-column-gap-wide\">\n\t\t\t\t\t<div class=\"elementor-column elementor-col-100 elementor-inner-column elementor-element elementor-element-3689486\" data-id=\"3689486\" data-element_type=\"column\" data-e-type=\"column\" data-settings=\"{&quot;background_background&quot;:&quot;classic&quot;}\">\n\t\t\t<div class=\"elementor-widget-wrap elementor-element-populated\">\n\t\t\t\t\t\t<div class=\"elementor-element elementor-element-e1d0ba5 elementor-widget elementor-widget-industrium_heading\" data-id=\"e1d0ba5\" data-element_type=\"widget\" data-e-type=\"widget\" data-widget_type=\"industrium_heading.default\">\n\t\t\t\t<div class=\"elementor-widget-container\">\n\t\t\t\t\t<div class=\"industrium-heading-widget\"><h2 class=\"industrium-heading\"><span class=\"industrium-heading-content\">Request a Proposal from Us<\/span><\/h2><\/div>\t\t\t\t<\/div>\n\t\t\t\t<\/div>\n\t\t\t\t<div class=\"elementor-element elementor-element-30004dc popupopen elementor-widget elementor-widget-industrium_button\" data-id=\"30004dc\" data-element_type=\"widget\" data-e-type=\"widget\" data-widget_type=\"industrium_button.default\">\n\t\t\t\t<div class=\"elementor-widget-container\">\n\t\t\t\t\t\n        <div class=\"button-widget\">\n            <div class=\"button-container\">\n                <a class=\"industrium-button button-type-2\" href=\"#\" >\n                    <span class=\"industrium-button-text\">Request a quote.<\/span>                    \n                <\/a>\n            <\/div>\n        <\/div>\n        \t\t\t\t<\/div>\n\t\t\t\t<\/div>\n\t\t\t\t\t<\/div>\n\t\t<\/div>\n\t\t\t\t\t<\/div>\n\t\t<\/section>\n\t\t\t\t\t<\/div>\n\t\t<\/div>\n\t\t\t\t\t<\/div>\n\t\t<\/section>\n\t\t\t\t<\/div>","protected":false},"excerpt":{"rendered":"<p>O quadro de colunas \u00e9 constitu\u00eddo por:\u2013 Caixa de Corte Geral: Deve ser de corte simult\u00e2neo em todos os condutores cativos;\u2013 Caixa de barramento: Deve estabelecer a interliga\u00e7\u00e3o entre a caixa de interruptor de corte e as caixas de prote\u00e7\u00e3o de&#8230;<\/p>","protected":false},"author":1,"featured_media":0,"parent":0,"menu_order":0,"comment_status":"closed","ping_status":"closed","template":"","meta":{"footnotes":""},"class_list":["post-16174","page","type-page","status-publish","hentry"],"aioseo_notices":[],"_links":{"self":[{"href":"https:\/\/dev-action.teoria.agency\/en\/wp-json\/wp\/v2\/pages\/16174","targetHints":{"allow":["GET"]}}],"collection":[{"href":"https:\/\/dev-action.teoria.agency\/en\/wp-json\/wp\/v2\/pages"}],"about":[{"href":"https:\/\/dev-action.teoria.agency\/en\/wp-json\/wp\/v2\/types\/page"}],"author":[{"embeddable":true,"href":"https:\/\/dev-action.teoria.agency\/en\/wp-json\/wp\/v2\/users\/1"}],"replies":[{"embeddable":true,"href":"https:\/\/dev-action.teoria.agency\/en\/wp-json\/wp\/v2\/comments?post=16174"}],"version-history":[{"count":111,"href":"https:\/\/dev-action.teoria.agency\/en\/wp-json\/wp\/v2\/pages\/16174\/revisions"}],"predecessor-version":[{"id":17957,"href":"https:\/\/dev-action.teoria.agency\/en\/wp-json\/wp\/v2\/pages\/16174\/revisions\/17957"}],"wp:attachment":[{"href":"https:\/\/dev-action.teoria.agency\/en\/wp-json\/wp\/v2\/media?parent=16174"}],"curies":[{"name":"wp","href":"https:\/\/api.w.org\/{rel}","templated":true}]}}