{"id":16119,"date":"2023-10-16T12:22:40","date_gmt":"2023-10-16T12:22:40","guid":{"rendered":"https:\/\/dev-action.teoria.agency\/?page_id=16119"},"modified":"2024-05-20T15:27:07","modified_gmt":"2024-05-20T15:27:07","slug":"quadros-eletricos-de-avac-automacao-e-controlo","status":"publish","type":"page","link":"https:\/\/dev-action.teoria.agency\/es\/quadros-eletricos-de-avac-automacao-e-controlo\/","title":{"rendered":"Avac, cuadros de automatizaci\u00f3n y control"},"content":{"rendered":"<div data-elementor-type=\"wp-page\" data-elementor-id=\"16119\" class=\"elementor elementor-16119\" data-elementor-post-type=\"page\">\n\t\t\t\t\t\t<section class=\"elementor-section elementor-top-section elementor-element elementor-element-a6d9aec elementor-section-full_width elementor-section-stretched elementor-section-height-default elementor-section-height-default\" data-id=\"a6d9aec\" data-element_type=\"section\" data-e-type=\"section\" data-settings=\"{&quot;stretch_section&quot;:&quot;section-stretched&quot;,&quot;background_background&quot;:&quot;classic&quot;}\">\n\t\t\t\t\t\t<div class=\"elementor-container elementor-column-gap-no\">\n\t\t\t\t\t<div class=\"elementor-column elementor-col-100 elementor-top-column elementor-element elementor-element-7baf24a\" data-id=\"7baf24a\" data-element_type=\"column\" data-e-type=\"column\">\n\t\t\t<div class=\"elementor-widget-wrap elementor-element-populated\">\n\t\t\t\t\t\t<section class=\"elementor-section elementor-inner-section elementor-element elementor-element-b7218be elementor-section-boxed elementor-section-height-default elementor-section-height-default\" data-id=\"b7218be\" data-element_type=\"section\" data-e-type=\"section\">\n\t\t\t\t\t\t<div class=\"elementor-container elementor-column-gap-wide\">\n\t\t\t\t\t<div class=\"elementor-column elementor-col-50 elementor-inner-column elementor-element elementor-element-750804e\" data-id=\"750804e\" data-element_type=\"column\" data-e-type=\"column\">\n\t\t\t<div class=\"elementor-widget-wrap elementor-element-populated\">\n\t\t\t\t\t\t<div class=\"elementor-element elementor-element-a3bf452 elementor-widget elementor-widget-industrium_heading\" data-id=\"a3bf452\" data-element_type=\"widget\" data-e-type=\"widget\" data-widget_type=\"industrium_heading.default\">\n\t\t\t\t<div class=\"elementor-widget-container\">\n\t\t\t\t\t<div class=\"industrium-heading-widget\"><h2 class=\"industrium-heading\"><span class=\"industrium-subheading\">Productos<\/span><span class=\"industrium-heading-content\">Sistemas HVAC<\/span><\/h2><\/div>\t\t\t\t<\/div>\n\t\t\t\t<\/div>\n\t\t\t\t<div class=\"elementor-element elementor-element-ebff1aa popupopen3 elementor-widget elementor-widget-industrium_button\" data-id=\"ebff1aa\" data-element_type=\"widget\" data-e-type=\"widget\" data-widget_type=\"industrium_button.default\">\n\t\t\t\t<div class=\"elementor-widget-container\">\n\t\t\t\t\t\n        <div class=\"button-widget\">\n            <div class=\"button-container\">\n                <a class=\"industrium-button button-type-1\" href=\"#\" >\n                    Solicitar un presupuesto<svg viewbox=\"0 0 13 20\"><polyline points=\"0.5 19.5 3 19.5 12.5 10 3 0.5\"><\/polyline><\/svg>                    \n                <\/a>\n            <\/div>\n        <\/div>\n        \t\t\t\t<\/div>\n\t\t\t\t<\/div>\n\t\t\t\t\t<\/div>\n\t\t<\/div>\n\t\t\t\t<div class=\"elementor-column elementor-col-50 elementor-inner-column elementor-element elementor-element-29b8b06\" data-id=\"29b8b06\" data-element_type=\"column\" data-e-type=\"column\">\n\t\t\t<div class=\"elementor-widget-wrap elementor-element-populated\">\n\t\t\t\t\t\t<div class=\"elementor-element elementor-element-df9b263 elementor-widget elementor-widget-text-editor\" data-id=\"df9b263\" data-element_type=\"widget\" data-e-type=\"widget\" data-widget_type=\"text-editor.default\">\n\t\t\t\t<div class=\"elementor-widget-container\">\n\t\t\t\t\t\t\t\t\t<p>HVAC son las siglas de Heating, Ventilation and Air-conditioning (calefacci\u00f3n, ventilaci\u00f3n y aire acondicionado) y se utiliza para referirse a los sistemas de aire acondicionado en general.<br \/>Se refiere a un conjunto de tecnolog\u00edas y dispositivos utilizados en los edificios para controlar la temperatura, la humedad y la calidad del aire interior. Estos sistemas est\u00e1n dise\u00f1ados para crear confort t\u00e9rmico y condiciones saludables para las personas que ocupan estos espacios.<br \/>Para que estos sistemas funcionen de forma aut\u00f3noma y eficiente, todos los equipos deben estar controlados y protegidos por el cuadro el\u00e9ctrico de climatizaci\u00f3n.<\/p><p>En este sentido, ActionElectric cuenta con profesionales capaces de dise\u00f1ar cuadros el\u00e9ctricos HVAC en funci\u00f3n de las necesidades de los sistemas.<\/p><p>Realizamos los proyectos, el suministro y la asistencia:<\/p><p>- Cuadros el\u00e9ctricos de aire acondicionado, calefacci\u00f3n y ventilaci\u00f3n;<br \/>- Cuadros el\u00e9ctricos Sistemas de extracci\u00f3n de humos y ventilaci\u00f3n;<br \/>- Integraci\u00f3n con sistemas centralizados de gesti\u00f3n t\u00e9cnica.<\/p>\t\t\t\t\t\t\t\t<\/div>\n\t\t\t\t<\/div>\n\t\t\t\t\t<\/div>\n\t\t<\/div>\n\t\t\t\t\t<\/div>\n\t\t<\/section>\n\t\t\t\t<section class=\"elementor-section elementor-inner-section elementor-element elementor-element-f2f7ec5 elementor-section-boxed elementor-section-height-default elementor-section-height-default\" data-id=\"f2f7ec5\" data-element_type=\"section\" data-e-type=\"section\">\n\t\t\t\t\t\t<div class=\"elementor-container elementor-column-gap-default\">\n\t\t\t\t\t<div class=\"elementor-column elementor-col-100 elementor-inner-column elementor-element elementor-element-af1ae64\" data-id=\"af1ae64\" data-element_type=\"column\" data-e-type=\"column\">\n\t\t\t<div class=\"elementor-widget-wrap elementor-element-populated\">\n\t\t\t\t\t\t<div class=\"elementor-element elementor-element-7d3b3b9 view-type-1 title-alignment-left elementor-align-items-center elementor-widget elementor-widget-industrium_image_carousel\" data-id=\"7d3b3b9\" data-element_type=\"widget\" data-e-type=\"widget\" data-widget_type=\"industrium_image_carousel.default\">\n\t\t\t\t<div class=\"elementor-widget-container\">\n\t\t\t\t\t\n        <div class=\"industrium-image-slider-widget\">\n\n                        <div class=\"slider-wrapper\">\n                                <div class=\"slider-container\">\n                    <div class=\"image-carousel owl-carousel owl-theme\" data-slider-options=\"{&quot;items&quot;:3,&quot;nav&quot;:false,&quot;dots&quot;:true,&quot;dotsContainer&quot;:&quot;.owl-dots-7d3b3b9&quot;,&quot;dotsContainerMobile&quot;:&quot;.owl-dots-7d3b3b9&quot;,&quot;autoplayHoverPause&quot;:true,&quot;autoplay&quot;:true,&quot;autoplaySpeed&quot;:300,&quot;autoplayTimeout&quot;:5000,&quot;loop&quot;:true,&quot;speed&quot;:500}\">\n                        <div class=\"slider-item\"><div class=\"slider-item-inner\"><div class=\"slider-item-media\"><img fetchpriority=\"high\" decoding=\"async\" width=\"2560\" height=\"1920\" src=\"https:\/\/dev-action.teoria.agency\/wp-content\/uploads\/2024\/05\/avac-abb-scaled.jpg\" class=\"attachment-full size-full wp-image-18061\" alt=\"\" srcset=\"https:\/\/dev-action.teoria.agency\/wp-content\/uploads\/2024\/05\/avac-abb-scaled.jpg 2560w, https:\/\/dev-action.teoria.agency\/wp-content\/uploads\/2024\/05\/avac-abb-300x225.jpg 300w, https:\/\/dev-action.teoria.agency\/wp-content\/uploads\/2024\/05\/avac-abb-1024x768.jpg 1024w, https:\/\/dev-action.teoria.agency\/wp-content\/uploads\/2024\/05\/avac-abb-768x576.jpg 768w, https:\/\/dev-action.teoria.agency\/wp-content\/uploads\/2024\/05\/avac-abb-1536x1152.jpg 1536w, https:\/\/dev-action.teoria.agency\/wp-content\/uploads\/2024\/05\/avac-abb-2048x1536.jpg 2048w, https:\/\/dev-action.teoria.agency\/wp-content\/uploads\/2024\/05\/avac-abb-16x12.jpg 16w, https:\/\/dev-action.teoria.agency\/wp-content\/uploads\/2024\/05\/avac-abb-1920x1440.jpg 1920w, https:\/\/dev-action.teoria.agency\/wp-content\/uploads\/2024\/05\/avac-abb-1280x960.jpg 1280w, https:\/\/dev-action.teoria.agency\/wp-content\/uploads\/2024\/05\/avac-abb-960x720.jpg 960w, https:\/\/dev-action.teoria.agency\/wp-content\/uploads\/2024\/05\/avac-abb-640x479.jpg 640w, https:\/\/dev-action.teoria.agency\/wp-content\/uploads\/2024\/05\/avac-abb-480x359.jpg 480w, https:\/\/dev-action.teoria.agency\/wp-content\/uploads\/2024\/05\/avac-abb-384x287.jpg 384w, https:\/\/dev-action.teoria.agency\/wp-content\/uploads\/2024\/05\/avac-abb-320x239.jpg 320w\" sizes=\"(max-width: 2560px) 100vw, 2560px\" \/><\/div><\/div><\/div><div class=\"slider-item\"><div class=\"slider-item-inner\"><div class=\"slider-item-media\"><img decoding=\"async\" width=\"2560\" height=\"2560\" src=\"https:\/\/dev-action.teoria.agency\/wp-content\/uploads\/2023\/12\/5-scaled.jpg\" class=\"attachment-full size-full wp-image-17268\" alt=\"\" srcset=\"https:\/\/dev-action.teoria.agency\/wp-content\/uploads\/2023\/12\/5-scaled.jpg 2560w, https:\/\/dev-action.teoria.agency\/wp-content\/uploads\/2023\/12\/5-300x300.jpg 300w, https:\/\/dev-action.teoria.agency\/wp-content\/uploads\/2023\/12\/5-1024x1024.jpg 1024w, https:\/\/dev-action.teoria.agency\/wp-content\/uploads\/2023\/12\/5-150x150.jpg 150w, https:\/\/dev-action.teoria.agency\/wp-content\/uploads\/2023\/12\/5-768x768.jpg 768w, https:\/\/dev-action.teoria.agency\/wp-content\/uploads\/2023\/12\/5-1536x1536.jpg 1536w, https:\/\/dev-action.teoria.agency\/wp-content\/uploads\/2023\/12\/5-2048x2048.jpg 2048w, https:\/\/dev-action.teoria.agency\/wp-content\/uploads\/2023\/12\/5-12x12.jpg 12w\" sizes=\"(max-width: 2560px) 100vw, 2560px\" \/><\/div><\/div><\/div><div class=\"slider-item\"><div class=\"slider-item-inner\"><div class=\"slider-item-media\"><img decoding=\"async\" width=\"2560\" height=\"2560\" src=\"https:\/\/dev-action.teoria.agency\/wp-content\/uploads\/2023\/12\/6-scaled.jpg\" class=\"attachment-full size-full wp-image-17269\" alt=\"\" srcset=\"https:\/\/dev-action.teoria.agency\/wp-content\/uploads\/2023\/12\/6-scaled.jpg 2560w, https:\/\/dev-action.teoria.agency\/wp-content\/uploads\/2023\/12\/6-300x300.jpg 300w, https:\/\/dev-action.teoria.agency\/wp-content\/uploads\/2023\/12\/6-1024x1024.jpg 1024w, https:\/\/dev-action.teoria.agency\/wp-content\/uploads\/2023\/12\/6-150x150.jpg 150w, https:\/\/dev-action.teoria.agency\/wp-content\/uploads\/2023\/12\/6-768x768.jpg 768w, https:\/\/dev-action.teoria.agency\/wp-content\/uploads\/2023\/12\/6-1536x1536.jpg 1536w, https:\/\/dev-action.teoria.agency\/wp-content\/uploads\/2023\/12\/6-2048x2048.jpg 2048w, https:\/\/dev-action.teoria.agency\/wp-content\/uploads\/2023\/12\/6-12x12.jpg 12w\" sizes=\"(max-width: 2560px) 100vw, 2560px\" \/><\/div><\/div><\/div><div class=\"slider-item\"><div class=\"slider-item-inner\"><div class=\"slider-item-media\"><img loading=\"lazy\" decoding=\"async\" width=\"2560\" height=\"2560\" src=\"https:\/\/dev-action.teoria.agency\/wp-content\/uploads\/2023\/12\/7-scaled.jpg\" class=\"attachment-full size-full wp-image-17270\" alt=\"\" srcset=\"https:\/\/dev-action.teoria.agency\/wp-content\/uploads\/2023\/12\/7-scaled.jpg 2560w, https:\/\/dev-action.teoria.agency\/wp-content\/uploads\/2023\/12\/7-300x300.jpg 300w, https:\/\/dev-action.teoria.agency\/wp-content\/uploads\/2023\/12\/7-1024x1024.jpg 1024w, https:\/\/dev-action.teoria.agency\/wp-content\/uploads\/2023\/12\/7-150x150.jpg 150w, https:\/\/dev-action.teoria.agency\/wp-content\/uploads\/2023\/12\/7-768x768.jpg 768w, https:\/\/dev-action.teoria.agency\/wp-content\/uploads\/2023\/12\/7-1536x1536.jpg 1536w, https:\/\/dev-action.teoria.agency\/wp-content\/uploads\/2023\/12\/7-2048x2048.jpg 2048w, https:\/\/dev-action.teoria.agency\/wp-content\/uploads\/2023\/12\/7-12x12.jpg 12w\" sizes=\"(max-width: 2560px) 100vw, 2560px\" \/><\/div><\/div><\/div><div class=\"slider-item\"><div class=\"slider-item-inner\"><div class=\"slider-item-media\"><img loading=\"lazy\" decoding=\"async\" width=\"2560\" height=\"1707\" src=\"https:\/\/dev-action.teoria.agency\/wp-content\/uploads\/2023\/12\/43-scaled.jpg\" class=\"attachment-full size-full wp-image-17271\" alt=\"\" srcset=\"https:\/\/dev-action.teoria.agency\/wp-content\/uploads\/2023\/12\/43-scaled.jpg 2560w, https:\/\/dev-action.teoria.agency\/wp-content\/uploads\/2023\/12\/43-300x200.jpg 300w, https:\/\/dev-action.teoria.agency\/wp-content\/uploads\/2023\/12\/43-1024x683.jpg 1024w, https:\/\/dev-action.teoria.agency\/wp-content\/uploads\/2023\/12\/43-768x512.jpg 768w, https:\/\/dev-action.teoria.agency\/wp-content\/uploads\/2023\/12\/43-1536x1024.jpg 1536w, https:\/\/dev-action.teoria.agency\/wp-content\/uploads\/2023\/12\/43-2048x1365.jpg 2048w, https:\/\/dev-action.teoria.agency\/wp-content\/uploads\/2023\/12\/43-18x12.jpg 18w\" sizes=\"(max-width: 2560px) 100vw, 2560px\" \/><\/div><\/div><\/div><div class=\"slider-item\"><div class=\"slider-item-inner\"><div class=\"slider-item-media\"><img loading=\"lazy\" decoding=\"async\" width=\"2560\" height=\"1707\" src=\"https:\/\/dev-action.teoria.agency\/wp-content\/uploads\/2023\/12\/46-scaled.jpg\" class=\"attachment-full size-full wp-image-17272\" alt=\"\" srcset=\"https:\/\/dev-action.teoria.agency\/wp-content\/uploads\/2023\/12\/46-scaled.jpg 2560w, https:\/\/dev-action.teoria.agency\/wp-content\/uploads\/2023\/12\/46-300x200.jpg 300w, https:\/\/dev-action.teoria.agency\/wp-content\/uploads\/2023\/12\/46-1024x683.jpg 1024w, https:\/\/dev-action.teoria.agency\/wp-content\/uploads\/2023\/12\/46-768x512.jpg 768w, https:\/\/dev-action.teoria.agency\/wp-content\/uploads\/2023\/12\/46-1536x1024.jpg 1536w, https:\/\/dev-action.teoria.agency\/wp-content\/uploads\/2023\/12\/46-2048x1365.jpg 2048w, https:\/\/dev-action.teoria.agency\/wp-content\/uploads\/2023\/12\/46-18x12.jpg 18w\" sizes=\"(max-width: 2560px) 100vw, 2560px\" \/><\/div><\/div><\/div><div class=\"slider-item\"><div class=\"slider-item-inner\"><div class=\"slider-item-media\"><img loading=\"lazy\" decoding=\"async\" width=\"2560\" height=\"1707\" src=\"https:\/\/dev-action.teoria.agency\/wp-content\/uploads\/2023\/12\/47-scaled.jpg\" class=\"attachment-full size-full wp-image-17273\" alt=\"\" srcset=\"https:\/\/dev-action.teoria.agency\/wp-content\/uploads\/2023\/12\/47-scaled.jpg 2560w, https:\/\/dev-action.teoria.agency\/wp-content\/uploads\/2023\/12\/47-300x200.jpg 300w, https:\/\/dev-action.teoria.agency\/wp-content\/uploads\/2023\/12\/47-1024x683.jpg 1024w, https:\/\/dev-action.teoria.agency\/wp-content\/uploads\/2023\/12\/47-768x512.jpg 768w, https:\/\/dev-action.teoria.agency\/wp-content\/uploads\/2023\/12\/47-1536x1024.jpg 1536w, https:\/\/dev-action.teoria.agency\/wp-content\/uploads\/2023\/12\/47-2048x1365.jpg 2048w, https:\/\/dev-action.teoria.agency\/wp-content\/uploads\/2023\/12\/47-18x12.jpg 18w\" sizes=\"(max-width: 2560px) 100vw, 2560px\" \/><\/div><\/div><\/div>                    <\/div>\n                <\/div>\n            <\/div>\n\n            <div class=\"owl-dots owl-dots-7d3b3b9\"><\/div>\n        <\/div>\n        \t\t\t\t<\/div>\n\t\t\t\t<\/div>\n\t\t\t\t\t<\/div>\n\t\t<\/div>\n\t\t\t\t\t<\/div>\n\t\t<\/section>\n\t\t\t\t\t<\/div>\n\t\t<\/div>\n\t\t\t\t\t<\/div>\n\t\t<\/section>\n\t\t\t\t<section class=\"elementor-section elementor-top-section elementor-element elementor-element-18e667b elementor-section-full_width elementor-section-stretched elementor-section-height-default elementor-section-height-default\" data-id=\"18e667b\" data-element_type=\"section\" data-e-type=\"section\" data-settings=\"{&quot;stretch_section&quot;:&quot;section-stretched&quot;,&quot;background_background&quot;:&quot;classic&quot;}\">\n\t\t\t\t\t\t<div class=\"elementor-container elementor-column-gap-no\">\n\t\t\t\t\t<div class=\"elementor-column elementor-col-100 elementor-top-column elementor-element elementor-element-53fb1a9\" data-id=\"53fb1a9\" data-element_type=\"column\" data-e-type=\"column\">\n\t\t\t<div class=\"elementor-widget-wrap elementor-element-populated\">\n\t\t\t\t\t\t<section class=\"elementor-section elementor-inner-section elementor-element elementor-element-22306ed elementor-reverse-mobile_extra elementor-reverse-mobile elementor-section-boxed elementor-section-height-default elementor-section-height-default\" data-id=\"22306ed\" data-element_type=\"section\" data-e-type=\"section\">\n\t\t\t\t\t\t<div class=\"elementor-container elementor-column-gap-wide\">\n\t\t\t\t\t<div class=\"elementor-column elementor-col-50 elementor-inner-column elementor-element elementor-element-8d0777f\" data-id=\"8d0777f\" data-element_type=\"column\" data-e-type=\"column\">\n\t\t\t<div class=\"elementor-widget-wrap elementor-element-populated\">\n\t\t\t\t\t\t<div class=\"elementor-element elementor-element-a6cc516 elementor-widget elementor-widget-industrium_heading\" data-id=\"a6cc516\" data-element_type=\"widget\" data-e-type=\"widget\" data-widget_type=\"industrium_heading.default\">\n\t\t\t\t<div class=\"elementor-widget-container\">\n\t\t\t\t\t<div class=\"industrium-heading-widget\"><h2 class=\"industrium-heading\"><span class=\"industrium-subheading\">Productos<\/span><span class=\"industrium-heading-content\">Mando, automatizaci\u00f3n y control<\/span><\/h2><\/div>\t\t\t\t<\/div>\n\t\t\t\t<\/div>\n\t\t\t\t<div class=\"elementor-element elementor-element-719109d popupopen3 elementor-widget elementor-widget-industrium_button\" data-id=\"719109d\" data-element_type=\"widget\" data-e-type=\"widget\" data-widget_type=\"industrium_button.default\">\n\t\t\t\t<div class=\"elementor-widget-container\">\n\t\t\t\t\t\n        <div class=\"button-widget\">\n            <div class=\"button-container\">\n                <a class=\"industrium-button button-type-1\" href=\"#\" >\n                    Solicitar un presupuesto<svg viewbox=\"0 0 13 20\"><polyline points=\"0.5 19.5 3 19.5 12.5 10 3 0.5\"><\/polyline><\/svg>                    \n                <\/a>\n            <\/div>\n        <\/div>\n        \t\t\t\t<\/div>\n\t\t\t\t<\/div>\n\t\t\t\t<div class=\"elementor-element elementor-element-4c4e5d4 elementor-widget elementor-widget-image\" data-id=\"4c4e5d4\" data-element_type=\"widget\" data-e-type=\"widget\" data-settings=\"{&quot;_animation_tablet_extra&quot;:&quot;none&quot;}\" data-widget_type=\"image.default\">\n\t\t\t\t<div class=\"elementor-widget-container\">\n\t\t\t\t\t\t\t\t\t\t\t\t\t\t\t<img loading=\"lazy\" decoding=\"async\" width=\"2560\" height=\"2560\" src=\"https:\/\/dev-action.teoria.agency\/wp-content\/uploads\/2024\/01\/F6-scaled.jpg\" class=\"attachment-full size-full wp-image-17941\" alt=\"\" srcset=\"https:\/\/dev-action.teoria.agency\/wp-content\/uploads\/2024\/01\/F6-scaled.jpg 2560w, https:\/\/dev-action.teoria.agency\/wp-content\/uploads\/2024\/01\/F6-300x300.jpg 300w, https:\/\/dev-action.teoria.agency\/wp-content\/uploads\/2024\/01\/F6-1024x1024.jpg 1024w, https:\/\/dev-action.teoria.agency\/wp-content\/uploads\/2024\/01\/F6-150x150.jpg 150w, https:\/\/dev-action.teoria.agency\/wp-content\/uploads\/2024\/01\/F6-768x768.jpg 768w, https:\/\/dev-action.teoria.agency\/wp-content\/uploads\/2024\/01\/F6-1536x1536.jpg 1536w, https:\/\/dev-action.teoria.agency\/wp-content\/uploads\/2024\/01\/F6-2048x2048.jpg 2048w, https:\/\/dev-action.teoria.agency\/wp-content\/uploads\/2024\/01\/F6-12x12.jpg 12w\" sizes=\"(max-width: 2560px) 100vw, 2560px\" \/>\t\t\t\t\t\t\t\t\t\t\t\t\t\t\t<\/div>\n\t\t\t\t<\/div>\n\t\t\t\t\t<\/div>\n\t\t<\/div>\n\t\t\t\t<div class=\"elementor-column elementor-col-50 elementor-inner-column elementor-element elementor-element-c5e3e31\" data-id=\"c5e3e31\" data-element_type=\"column\" data-e-type=\"column\">\n\t\t\t<div class=\"elementor-widget-wrap elementor-element-populated\">\n\t\t\t\t\t\t<div class=\"elementor-element elementor-element-b93d0f2 elementor-widget elementor-widget-text-editor\" data-id=\"b93d0f2\" data-element_type=\"widget\" data-e-type=\"widget\" data-widget_type=\"text-editor.default\">\n\t\t\t\t<div class=\"elementor-widget-container\">\n\t\t\t\t\t\t\t\t\t<p>La automatizaci\u00f3n es un conjunto de t\u00e9cnicas que pueden aplicarse a un proceso para hacerlo m\u00e1s eficiente, maximizando la producci\u00f3n con un menor consumo de energ\u00eda.<\/p><p>Disponemos de capacidad t\u00e9cnica para las m\u00e1s diversas soluciones de control y automatizaci\u00f3n:<br \/>- Automatizaci\u00f3n industrial;<br \/>- Dom\u00f3tica.<\/p><p>Le damos la soluci\u00f3n para su sistema de control y\/o supervisi\u00f3n.<\/p>\t\t\t\t\t\t\t\t<\/div>\n\t\t\t\t<\/div>\n\t\t\t\t\t<\/div>\n\t\t<\/div>\n\t\t\t\t\t<\/div>\n\t\t<\/section>\n\t\t\t\t\t<\/div>\n\t\t<\/div>\n\t\t\t\t\t<\/div>\n\t\t<\/section>\n\t\t\t\t<section class=\"elementor-section elementor-top-section elementor-element elementor-element-d50c429 elementor-section-boxed elementor-section-height-default elementor-section-height-default\" data-id=\"d50c429\" data-element_type=\"section\" data-e-type=\"section\">\n\t\t\t\t\t\t<div class=\"elementor-container elementor-column-gap-default\">\n\t\t\t\t\t<div class=\"elementor-column elementor-col-100 elementor-top-column elementor-element elementor-element-69916ed\" data-id=\"69916ed\" data-element_type=\"column\" data-e-type=\"column\">\n\t\t\t<div class=\"elementor-widget-wrap elementor-element-populated\">\n\t\t\t\t\t\t<section class=\"elementor-section elementor-inner-section elementor-element elementor-element-8d37126 elementor-section-row-wrap elementor-section-height-min-height elementor-section-boxed elementor-section-height-default\" data-id=\"8d37126\" data-element_type=\"section\" data-e-type=\"section\" data-settings=\"{&quot;background_background&quot;:&quot;classic&quot;}\">\n\t\t\t\t\t\t\t<div class=\"elementor-background-overlay\"><\/div>\n\t\t\t\t\t\t\t<div class=\"elementor-container elementor-column-gap-wide\">\n\t\t\t\t\t<div class=\"elementor-column elementor-col-100 elementor-inner-column elementor-element elementor-element-0eb25bd\" data-id=\"0eb25bd\" data-element_type=\"column\" data-e-type=\"column\" data-settings=\"{&quot;background_background&quot;:&quot;classic&quot;}\">\n\t\t\t<div class=\"elementor-widget-wrap elementor-element-populated\">\n\t\t\t\t\t\t<div class=\"elementor-element elementor-element-7c49ebf elementor-widget elementor-widget-industrium_heading\" data-id=\"7c49ebf\" data-element_type=\"widget\" data-e-type=\"widget\" data-widget_type=\"industrium_heading.default\">\n\t\t\t\t<div class=\"elementor-widget-container\">\n\t\t\t\t\t<div class=\"industrium-heading-widget\"><h2 class=\"industrium-heading\"><span class=\"industrium-heading-content\">P\u00eddanos presupuesto<\/span><\/h2><\/div>\t\t\t\t<\/div>\n\t\t\t\t<\/div>\n\t\t\t\t<div class=\"elementor-element elementor-element-0d3250f popupopen3 elementor-widget elementor-widget-industrium_button\" data-id=\"0d3250f\" data-element_type=\"widget\" data-e-type=\"widget\" data-widget_type=\"industrium_button.default\">\n\t\t\t\t<div class=\"elementor-widget-container\">\n\t\t\t\t\t\n        <div class=\"button-widget\">\n            <div class=\"button-container\">\n                <a class=\"industrium-button button-type-2\" href=\"#\" >\n                    <span class=\"industrium-button-text\">Solicitar un presupuesto<\/span>                    \n                <\/a>\n            <\/div>\n        <\/div>\n        \t\t\t\t<\/div>\n\t\t\t\t<\/div>\n\t\t\t\t\t<\/div>\n\t\t<\/div>\n\t\t\t\t\t<\/div>\n\t\t<\/section>\n\t\t\t\t\t<\/div>\n\t\t<\/div>\n\t\t\t\t\t<\/div>\n\t\t<\/section>\n\t\t\t\t<\/div>","protected":false},"excerpt":{"rendered":"<p>AVAC \u00e9 a sigla para Aquecimento, Ventila\u00e7\u00e3o e Ar-condicionado, e \u00e9 usada para se referir a sistemas de climatiza\u00e7\u00e3o em geral.Refere a um conjunto de tecnologias e aparelhos utilizados em edif\u00edcios para controlar a temperatura, a humidade e a qualidade do&#8230;<\/p>","protected":false},"author":1,"featured_media":0,"parent":0,"menu_order":0,"comment_status":"closed","ping_status":"closed","template":"","meta":{"footnotes":""},"class_list":["post-16119","page","type-page","status-publish","hentry"],"aioseo_notices":[],"_links":{"self":[{"href":"https:\/\/dev-action.teoria.agency\/es\/wp-json\/wp\/v2\/pages\/16119","targetHints":{"allow":["GET"]}}],"collection":[{"href":"https:\/\/dev-action.teoria.agency\/es\/wp-json\/wp\/v2\/pages"}],"about":[{"href":"https:\/\/dev-action.teoria.agency\/es\/wp-json\/wp\/v2\/types\/page"}],"author":[{"embeddable":true,"href":"https:\/\/dev-action.teoria.agency\/es\/wp-json\/wp\/v2\/users\/1"}],"replies":[{"embeddable":true,"href":"https:\/\/dev-action.teoria.agency\/es\/wp-json\/wp\/v2\/comments?post=16119"}],"version-history":[{"count":5,"href":"https:\/\/dev-action.teoria.agency\/es\/wp-json\/wp\/v2\/pages\/16119\/revisions"}],"predecessor-version":[{"id":18064,"href":"https:\/\/dev-action.teoria.agency\/es\/wp-json\/wp\/v2\/pages\/16119\/revisions\/18064"}],"wp:attachment":[{"href":"https:\/\/dev-action.teoria.agency\/es\/wp-json\/wp\/v2\/media?parent=16119"}],"curies":[{"name":"wp","href":"https:\/\/api.w.org\/{rel}","templated":true}]}}