{"id":16530,"date":"2023-10-19T21:05:51","date_gmt":"2023-10-19T21:05:51","guid":{"rendered":"https:\/\/dev-action.teoria.agency\/?page_id=16530"},"modified":"2023-12-18T12:34:59","modified_gmt":"2023-12-18T12:34:59","slug":"manutencao","status":"publish","type":"page","link":"https:\/\/dev-action.teoria.agency\/es\/manutencao\/","title":{"rendered":"Mantenimiento"},"content":{"rendered":"<div data-elementor-type=\"wp-page\" data-elementor-id=\"16530\" class=\"elementor elementor-16530\" data-elementor-post-type=\"page\">\n\t\t\t\t\t\t<section class=\"elementor-section elementor-top-section elementor-element elementor-element-72e36c5 elementor-section-full_width elementor-section-stretched elementor-section-height-default elementor-section-height-default\" data-id=\"72e36c5\" data-element_type=\"section\" data-e-type=\"section\" data-settings=\"{&quot;stretch_section&quot;:&quot;section-stretched&quot;,&quot;background_background&quot;:&quot;classic&quot;}\">\n\t\t\t\t\t\t<div class=\"elementor-container elementor-column-gap-no\">\n\t\t\t\t\t<div class=\"elementor-column elementor-col-100 elementor-top-column elementor-element elementor-element-38dfb8f\" data-id=\"38dfb8f\" data-element_type=\"column\" data-e-type=\"column\">\n\t\t\t<div class=\"elementor-widget-wrap elementor-element-populated\">\n\t\t\t\t\t\t<section class=\"elementor-section elementor-inner-section elementor-element elementor-element-57d3a83 elementor-section-boxed elementor-section-height-default elementor-section-height-default\" data-id=\"57d3a83\" data-element_type=\"section\" data-e-type=\"section\">\n\t\t\t\t\t\t<div class=\"elementor-container elementor-column-gap-wide\">\n\t\t\t\t\t<div class=\"elementor-column elementor-col-50 elementor-inner-column elementor-element elementor-element-071c26d\" data-id=\"071c26d\" data-element_type=\"column\" data-e-type=\"column\">\n\t\t\t<div class=\"elementor-widget-wrap elementor-element-populated\">\n\t\t\t\t\t\t<div class=\"elementor-element elementor-element-c568992 elementor-widget elementor-widget-industrium_heading\" data-id=\"c568992\" data-element_type=\"widget\" data-e-type=\"widget\" data-widget_type=\"industrium_heading.default\">\n\t\t\t\t<div class=\"elementor-widget-container\">\n\t\t\t\t\t<div class=\"industrium-heading-widget\"><h2 class=\"industrium-heading\"><span class=\"industrium-subheading\">Outros Servi\u00e7os<\/span><span class=\"industrium-heading-content\">Mantenimiento<\/span><\/h2><\/div>\t\t\t\t<\/div>\n\t\t\t\t<\/div>\n\t\t\t\t<div class=\"elementor-element elementor-element-36684fe popupopen elementor-widget elementor-widget-industrium_button\" data-id=\"36684fe\" data-element_type=\"widget\" data-e-type=\"widget\" data-widget_type=\"industrium_button.default\">\n\t\t\t\t<div class=\"elementor-widget-container\">\n\t\t\t\t\t\n        <div class=\"button-widget\">\n            <div class=\"button-container\">\n                <a class=\"industrium-button button-type-1\" href=\"#\" >\n                    Solicitar un presupuesto<svg viewbox=\"0 0 13 20\"><polyline points=\"0.5 19.5 3 19.5 12.5 10 3 0.5\"><\/polyline><\/svg>                    \n                <\/a>\n            <\/div>\n        <\/div>\n        \t\t\t\t<\/div>\n\t\t\t\t<\/div>\n\t\t\t\t\t<\/div>\n\t\t<\/div>\n\t\t\t\t<div class=\"elementor-column elementor-col-50 elementor-inner-column elementor-element elementor-element-22e01ba\" data-id=\"22e01ba\" data-element_type=\"column\" data-e-type=\"column\">\n\t\t\t<div class=\"elementor-widget-wrap elementor-element-populated\">\n\t\t\t\t\t\t<div class=\"elementor-element elementor-element-00bd27d elementor-widget elementor-widget-text-editor\" data-id=\"00bd27d\" data-element_type=\"widget\" data-e-type=\"widget\" data-widget_type=\"text-editor.default\">\n\t\t\t\t<div class=\"elementor-widget-container\">\n\t\t\t\t\t\t\t\t\t<p>Aumente la fiabilidad de sus centralitas, minimice las incidencias o aver\u00edas y reduzca los costes.<\/p>\t\t\t\t\t\t\t\t<\/div>\n\t\t\t\t<\/div>\n\t\t\t\t<div class=\"elementor-element elementor-element-ba66f95 elementor-widget elementor-widget-text-editor\" data-id=\"ba66f95\" data-element_type=\"widget\" data-e-type=\"widget\" data-widget_type=\"text-editor.default\">\n\t\t\t\t<div class=\"elementor-widget-container\">\n\t\t\t\t\t\t\t\t\t<p>Para el buen funcionamiento de una instalaci\u00f3n, se debe realizar el mantenimiento peri\u00f3dico correspondiente a todos los cuadros el\u00e9ctricos. La frecuencia de mantenimiento preventivo depende de las condiciones de funcionamiento del cuadro el\u00e9ctrico. Para condiciones de funcionamiento en entornos normales, la frecuencia debe ser la indicada en la periodicidad recomendada. Puede ser prolongada si el cuadro se utiliza en un entorno particularmente limpio y de forma no intensiva.<\/p><p>Debe reducirse si el marco se utiliza en un entorno especialmente agresivo (polvo, humedad, vapores corrosivos, calor) o si se utiliza de forma intensiva.<br \/>Si busca un socio que le garantice el buen funcionamiento de su instalaci\u00f3n, puede contar con nosotros.<\/p>\t\t\t\t\t\t\t\t<\/div>\n\t\t\t\t<\/div>\n\t\t\t\t\t<\/div>\n\t\t<\/div>\n\t\t\t\t\t<\/div>\n\t\t<\/section>\n\t\t\t\t<section class=\"elementor-section elementor-inner-section elementor-element elementor-element-e50cc6f elementor-section-boxed elementor-section-height-default elementor-section-height-default\" data-id=\"e50cc6f\" data-element_type=\"section\" data-e-type=\"section\">\n\t\t\t\t\t\t<div class=\"elementor-container elementor-column-gap-default\">\n\t\t\t\t\t<div class=\"elementor-column elementor-col-100 elementor-inner-column elementor-element elementor-element-ecf74d6\" data-id=\"ecf74d6\" data-element_type=\"column\" data-e-type=\"column\">\n\t\t\t<div class=\"elementor-widget-wrap elementor-element-populated\">\n\t\t\t\t\t\t<div class=\"elementor-element elementor-element-badf856 view-type-1 title-alignment-left elementor-align-items-center elementor-widget elementor-widget-industrium_image_carousel\" data-id=\"badf856\" data-element_type=\"widget\" data-e-type=\"widget\" data-widget_type=\"industrium_image_carousel.default\">\n\t\t\t\t<div class=\"elementor-widget-container\">\n\t\t\t\t\t\n        <div class=\"industrium-image-slider-widget\">\n\n                        <div class=\"slider-wrapper\">\n                                <div class=\"slider-container\">\n                    <div class=\"image-carousel owl-carousel owl-theme\" data-slider-options=\"{&quot;items&quot;:3,&quot;nav&quot;:false,&quot;dots&quot;:true,&quot;dotsContainer&quot;:&quot;.owl-dots-badf856&quot;,&quot;dotsContainerMobile&quot;:&quot;.owl-dots-badf856&quot;,&quot;autoplayHoverPause&quot;:true,&quot;autoplay&quot;:true,&quot;autoplaySpeed&quot;:300,&quot;autoplayTimeout&quot;:5000,&quot;loop&quot;:true,&quot;speed&quot;:500}\">\n                        <div class=\"slider-item\"><div class=\"slider-item-inner\"><div class=\"slider-item-media\"><img fetchpriority=\"high\" decoding=\"async\" width=\"1706\" height=\"1706\" src=\"https:\/\/dev-action.teoria.agency\/wp-content\/uploads\/2023\/10\/33-scaled-e1697821170137.jpg\" class=\"attachment-full size-full wp-image-16683\" alt=\"\" srcset=\"https:\/\/dev-action.teoria.agency\/wp-content\/uploads\/2023\/10\/33-scaled-e1697821170137.jpg 1706w, https:\/\/dev-action.teoria.agency\/wp-content\/uploads\/2023\/10\/33-scaled-e1697821170137-300x300.jpg 300w, https:\/\/dev-action.teoria.agency\/wp-content\/uploads\/2023\/10\/33-scaled-e1697821170137-1024x1024.jpg 1024w, https:\/\/dev-action.teoria.agency\/wp-content\/uploads\/2023\/10\/33-scaled-e1697821170137-150x150.jpg 150w, https:\/\/dev-action.teoria.agency\/wp-content\/uploads\/2023\/10\/33-scaled-e1697821170137-768x768.jpg 768w, https:\/\/dev-action.teoria.agency\/wp-content\/uploads\/2023\/10\/33-scaled-e1697821170137-1536x1536.jpg 1536w, https:\/\/dev-action.teoria.agency\/wp-content\/uploads\/2023\/10\/33-scaled-e1697821170137-12x12.jpg 12w\" sizes=\"(max-width: 1706px) 100vw, 1706px\" \/><\/div><\/div><\/div><div class=\"slider-item\"><div class=\"slider-item-inner\"><div class=\"slider-item-media\"><img decoding=\"async\" width=\"1706\" height=\"1706\" src=\"https:\/\/dev-action.teoria.agency\/wp-content\/uploads\/2023\/10\/63-scaled-e1697821143347.jpg\" class=\"attachment-full size-full wp-image-16682\" alt=\"\" srcset=\"https:\/\/dev-action.teoria.agency\/wp-content\/uploads\/2023\/10\/63-scaled-e1697821143347.jpg 1706w, https:\/\/dev-action.teoria.agency\/wp-content\/uploads\/2023\/10\/63-scaled-e1697821143347-300x300.jpg 300w, https:\/\/dev-action.teoria.agency\/wp-content\/uploads\/2023\/10\/63-scaled-e1697821143347-1024x1024.jpg 1024w, https:\/\/dev-action.teoria.agency\/wp-content\/uploads\/2023\/10\/63-scaled-e1697821143347-150x150.jpg 150w, https:\/\/dev-action.teoria.agency\/wp-content\/uploads\/2023\/10\/63-scaled-e1697821143347-768x768.jpg 768w, https:\/\/dev-action.teoria.agency\/wp-content\/uploads\/2023\/10\/63-scaled-e1697821143347-1536x1536.jpg 1536w, https:\/\/dev-action.teoria.agency\/wp-content\/uploads\/2023\/10\/63-scaled-e1697821143347-12x12.jpg 12w\" sizes=\"(max-width: 1706px) 100vw, 1706px\" \/><\/div><\/div><\/div><div class=\"slider-item\"><div class=\"slider-item-inner\"><div class=\"slider-item-media\"><img decoding=\"async\" width=\"1706\" height=\"1706\" src=\"https:\/\/dev-action.teoria.agency\/wp-content\/uploads\/2023\/10\/36-scaled-e1697821197930.jpg\" class=\"attachment-full size-full wp-image-16684\" alt=\"\" srcset=\"https:\/\/dev-action.teoria.agency\/wp-content\/uploads\/2023\/10\/36-scaled-e1697821197930.jpg 1706w, https:\/\/dev-action.teoria.agency\/wp-content\/uploads\/2023\/10\/36-scaled-e1697821197930-300x300.jpg 300w, https:\/\/dev-action.teoria.agency\/wp-content\/uploads\/2023\/10\/36-scaled-e1697821197930-1024x1024.jpg 1024w, https:\/\/dev-action.teoria.agency\/wp-content\/uploads\/2023\/10\/36-scaled-e1697821197930-150x150.jpg 150w, https:\/\/dev-action.teoria.agency\/wp-content\/uploads\/2023\/10\/36-scaled-e1697821197930-768x768.jpg 768w, https:\/\/dev-action.teoria.agency\/wp-content\/uploads\/2023\/10\/36-scaled-e1697821197930-1536x1536.jpg 1536w, https:\/\/dev-action.teoria.agency\/wp-content\/uploads\/2023\/10\/36-scaled-e1697821197930-12x12.jpg 12w\" sizes=\"(max-width: 1706px) 100vw, 1706px\" \/><\/div><\/div><\/div><div class=\"slider-item\"><div class=\"slider-item-inner\"><div class=\"slider-item-media\"><img loading=\"lazy\" decoding=\"async\" width=\"1706\" height=\"1706\" src=\"https:\/\/dev-action.teoria.agency\/wp-content\/uploads\/2023\/10\/59-scaled-e1697821221513.jpg\" class=\"attachment-full size-full wp-image-16685\" alt=\"\" srcset=\"https:\/\/dev-action.teoria.agency\/wp-content\/uploads\/2023\/10\/59-scaled-e1697821221513.jpg 1706w, https:\/\/dev-action.teoria.agency\/wp-content\/uploads\/2023\/10\/59-scaled-e1697821221513-300x300.jpg 300w, https:\/\/dev-action.teoria.agency\/wp-content\/uploads\/2023\/10\/59-scaled-e1697821221513-1024x1024.jpg 1024w, https:\/\/dev-action.teoria.agency\/wp-content\/uploads\/2023\/10\/59-scaled-e1697821221513-150x150.jpg 150w, https:\/\/dev-action.teoria.agency\/wp-content\/uploads\/2023\/10\/59-scaled-e1697821221513-768x768.jpg 768w, https:\/\/dev-action.teoria.agency\/wp-content\/uploads\/2023\/10\/59-scaled-e1697821221513-1536x1536.jpg 1536w, https:\/\/dev-action.teoria.agency\/wp-content\/uploads\/2023\/10\/59-scaled-e1697821221513-12x12.jpg 12w\" sizes=\"(max-width: 1706px) 100vw, 1706px\" \/><\/div><\/div><\/div>                    <\/div>\n                <\/div>\n            <\/div>\n\n            <div class=\"owl-dots owl-dots-badf856\"><\/div>\n        <\/div>\n        \t\t\t\t<\/div>\n\t\t\t\t<\/div>\n\t\t\t\t\t<\/div>\n\t\t<\/div>\n\t\t\t\t\t<\/div>\n\t\t<\/section>\n\t\t\t\t\t<\/div>\n\t\t<\/div>\n\t\t\t\t\t<\/div>\n\t\t<\/section>\n\t\t\t\t<section class=\"elementor-section elementor-top-section elementor-element elementor-element-9705a85 elementor-section-boxed elementor-section-height-default elementor-section-height-default\" data-id=\"9705a85\" data-element_type=\"section\" data-e-type=\"section\">\n\t\t\t\t\t\t<div class=\"elementor-container elementor-column-gap-default\">\n\t\t\t\t\t<div class=\"elementor-column elementor-col-100 elementor-top-column elementor-element elementor-element-f49d78d\" data-id=\"f49d78d\" data-element_type=\"column\" data-e-type=\"column\">\n\t\t\t<div class=\"elementor-widget-wrap elementor-element-populated\">\n\t\t\t\t\t\t<section class=\"elementor-section elementor-inner-section elementor-element elementor-element-054b7cc elementor-section-row-wrap elementor-section-height-min-height elementor-section-boxed elementor-section-height-default\" data-id=\"054b7cc\" data-element_type=\"section\" data-e-type=\"section\" data-settings=\"{&quot;background_background&quot;:&quot;classic&quot;}\">\n\t\t\t\t\t\t\t<div class=\"elementor-background-overlay\"><\/div>\n\t\t\t\t\t\t\t<div class=\"elementor-container elementor-column-gap-wide\">\n\t\t\t\t\t<div class=\"elementor-column elementor-col-100 elementor-inner-column elementor-element elementor-element-abd62eb\" data-id=\"abd62eb\" data-element_type=\"column\" data-e-type=\"column\" data-settings=\"{&quot;background_background&quot;:&quot;classic&quot;}\">\n\t\t\t<div class=\"elementor-widget-wrap elementor-element-populated\">\n\t\t\t\t\t\t<div class=\"elementor-element elementor-element-8d14c84 elementor-widget elementor-widget-industrium_heading\" data-id=\"8d14c84\" data-element_type=\"widget\" data-e-type=\"widget\" data-widget_type=\"industrium_heading.default\">\n\t\t\t\t<div class=\"elementor-widget-container\">\n\t\t\t\t\t<div class=\"industrium-heading-widget\"><h2 class=\"industrium-heading\"><span class=\"industrium-heading-content\">P\u00eddanos presupuesto<\/span><\/h2><\/div>\t\t\t\t<\/div>\n\t\t\t\t<\/div>\n\t\t\t\t<div class=\"elementor-element elementor-element-d0a61fe popupopen elementor-widget elementor-widget-industrium_button\" data-id=\"d0a61fe\" data-element_type=\"widget\" data-e-type=\"widget\" data-widget_type=\"industrium_button.default\">\n\t\t\t\t<div class=\"elementor-widget-container\">\n\t\t\t\t\t\n        <div class=\"button-widget\">\n            <div class=\"button-container\">\n                <a class=\"industrium-button button-type-2\" href=\"#\" >\n                    <span class=\"industrium-button-text\">Solicitar un presupuesto<\/span>                    \n                <\/a>\n            <\/div>\n        <\/div>\n        \t\t\t\t<\/div>\n\t\t\t\t<\/div>\n\t\t\t\t\t<\/div>\n\t\t<\/div>\n\t\t\t\t\t<\/div>\n\t\t<\/section>\n\t\t\t\t\t<\/div>\n\t\t<\/div>\n\t\t\t\t\t<\/div>\n\t\t<\/section>\n\t\t\t\t<\/div>","protected":false},"excerpt":{"rendered":"<p>Aumente a fiabilidade dos seus Quadros El\u00e9tricos, minimizando incidentes ou avarias e reduzindo custos. Para o bom funcionamento de uma instala\u00e7\u00e3o dever\u00e1 ser efetuada a respetiva manuten\u00e7\u00e3o peri\u00f3dica a todos os quadros el\u00e9tricos. A frequ\u00eancia da manuten\u00e7\u00e3o preventiva depende das condi\u00e7\u00f5es&#8230;<\/p>","protected":false},"author":1,"featured_media":0,"parent":0,"menu_order":0,"comment_status":"closed","ping_status":"closed","template":"","meta":{"footnotes":""},"class_list":["post-16530","page","type-page","status-publish","hentry"],"aioseo_notices":[],"_links":{"self":[{"href":"https:\/\/dev-action.teoria.agency\/es\/wp-json\/wp\/v2\/pages\/16530","targetHints":{"allow":["GET"]}}],"collection":[{"href":"https:\/\/dev-action.teoria.agency\/es\/wp-json\/wp\/v2\/pages"}],"about":[{"href":"https:\/\/dev-action.teoria.agency\/es\/wp-json\/wp\/v2\/types\/page"}],"author":[{"embeddable":true,"href":"https:\/\/dev-action.teoria.agency\/es\/wp-json\/wp\/v2\/users\/1"}],"replies":[{"embeddable":true,"href":"https:\/\/dev-action.teoria.agency\/es\/wp-json\/wp\/v2\/comments?post=16530"}],"version-history":[{"count":21,"href":"https:\/\/dev-action.teoria.agency\/es\/wp-json\/wp\/v2\/pages\/16530\/revisions"}],"predecessor-version":[{"id":17380,"href":"https:\/\/dev-action.teoria.agency\/es\/wp-json\/wp\/v2\/pages\/16530\/revisions\/17380"}],"wp:attachment":[{"href":"https:\/\/dev-action.teoria.agency\/es\/wp-json\/wp\/v2\/media?parent=16530"}],"curies":[{"name":"wp","href":"https:\/\/api.w.org\/{rel}","templated":true}]}}