{"id":16360,"date":"2023-10-18T14:29:26","date_gmt":"2023-10-18T14:29:26","guid":{"rendered":"https:\/\/dev-action.teoria.agency\/?page_id=16360"},"modified":"2024-01-04T11:21:08","modified_gmt":"2024-01-04T11:21:08","slug":"quadros-eletricos-distribuicao-de-energia","status":"publish","type":"page","link":"https:\/\/dev-action.teoria.agency\/fr\/quadros-eletricos-distribuicao-de-energia\/","title":{"rendered":"Tableaux de distribution d'\u00e9nergie"},"content":{"rendered":"<div data-elementor-type=\"wp-page\" data-elementor-id=\"16360\" class=\"elementor elementor-16360\" data-elementor-post-type=\"page\">\n\t\t\t\t\t\t<section class=\"elementor-section elementor-top-section elementor-element elementor-element-a96068a elementor-section-full_width elementor-section-stretched elementor-section-height-default elementor-section-height-default\" data-id=\"a96068a\" data-element_type=\"section\" data-e-type=\"section\" data-settings=\"{&quot;stretch_section&quot;:&quot;section-stretched&quot;,&quot;background_background&quot;:&quot;classic&quot;}\">\n\t\t\t\t\t\t<div class=\"elementor-container elementor-column-gap-no\">\n\t\t\t\t\t<div class=\"elementor-column elementor-col-100 elementor-top-column elementor-element elementor-element-d8cdc1c\" data-id=\"d8cdc1c\" data-element_type=\"column\" data-e-type=\"column\">\n\t\t\t<div class=\"elementor-widget-wrap elementor-element-populated\">\n\t\t\t\t\t\t<section class=\"elementor-section elementor-inner-section elementor-element elementor-element-80faa7e elementor-section-boxed elementor-section-height-default elementor-section-height-default\" data-id=\"80faa7e\" data-element_type=\"section\" data-e-type=\"section\">\n\t\t\t\t\t\t<div class=\"elementor-container elementor-column-gap-wide\">\n\t\t\t\t\t<div class=\"elementor-column elementor-col-50 elementor-inner-column elementor-element elementor-element-3b6ffcc\" data-id=\"3b6ffcc\" data-element_type=\"column\" data-e-type=\"column\">\n\t\t\t<div class=\"elementor-widget-wrap elementor-element-populated\">\n\t\t\t\t\t\t<div class=\"elementor-element elementor-element-524501d elementor-widget elementor-widget-industrium_heading\" data-id=\"524501d\" data-element_type=\"widget\" data-e-type=\"widget\" data-widget_type=\"industrium_heading.default\">\n\t\t\t\t<div class=\"elementor-widget-container\">\n\t\t\t\t\t<div class=\"industrium-heading-widget\"><h2 class=\"industrium-heading\"><span class=\"industrium-subheading\">Produits<\/span><span class=\"industrium-heading-content\">Panneaux \u00e9lectriques<br \/>Distribution de l'\u00e9nergie<\/span><\/h2><\/div>\t\t\t\t<\/div>\n\t\t\t\t<\/div>\n\t\t\t\t<div class=\"elementor-element elementor-element-d0d43d7 popupopen elementor-widget elementor-widget-industrium_button\" data-id=\"d0d43d7\" data-element_type=\"widget\" data-e-type=\"widget\" data-widget_type=\"industrium_button.default\">\n\t\t\t\t<div class=\"elementor-widget-container\">\n\t\t\t\t\t\n        <div class=\"button-widget\">\n            <div class=\"button-container\">\n                <a class=\"industrium-button button-type-1\" href=\"#\" >\n                    Demande de devis<svg viewbox=\"0 0 13 20\"><polyline points=\"0.5 19.5 3 19.5 12.5 10 3 0.5\"><\/polyline><\/svg>                    \n                <\/a>\n            <\/div>\n        <\/div>\n        \t\t\t\t<\/div>\n\t\t\t\t<\/div>\n\t\t\t\t\t<\/div>\n\t\t<\/div>\n\t\t\t\t<div class=\"elementor-column elementor-col-50 elementor-inner-column elementor-element elementor-element-cb7a3e9\" data-id=\"cb7a3e9\" data-element_type=\"column\" data-e-type=\"column\">\n\t\t\t<div class=\"elementor-widget-wrap elementor-element-populated\">\n\t\t\t\t\t\t<div class=\"elementor-element elementor-element-4304573 elementor-widget elementor-widget-text-editor\" data-id=\"4304573\" data-element_type=\"widget\" data-e-type=\"widget\" data-widget_type=\"text-editor.default\">\n\t\t\t\t<div class=\"elementor-widget-container\">\n\t\t\t\t\t\t\t\t\t<p>Nous estimons et ex\u00e9cutons tous les types de tableaux de distribution d'\u00e9nergie.<br \/>En \u00e9troite collaboration avec nos partenaires, nous d\u00e9veloppons des solutions standards ou personnalis\u00e9es, en respectant les pr\u00e9f\u00e9rences de marques d'\u00e9quipements et d'autres sp\u00e9cificit\u00e9s.<\/p><p>Nos produits sont construits conform\u00e9ment aux recommandations de la norme EN (IEC) 61439 ainsi qu'aux r\u00e8gles techniques pour les installations \u00e9lectriques \u00e0 basse tension (RTIEBT), et sont accompagn\u00e9s de la documentation requise correspondante.<\/p>\t\t\t\t\t\t\t\t<\/div>\n\t\t\t\t<\/div>\n\t\t\t\t\t<\/div>\n\t\t<\/div>\n\t\t\t\t\t<\/div>\n\t\t<\/section>\n\t\t\t\t<section class=\"elementor-section elementor-inner-section elementor-element elementor-element-ca35493 elementor-section-boxed elementor-section-height-default elementor-section-height-default\" data-id=\"ca35493\" data-element_type=\"section\" data-e-type=\"section\">\n\t\t\t\t\t\t<div class=\"elementor-container elementor-column-gap-default\">\n\t\t\t\t\t<div class=\"elementor-column elementor-col-100 elementor-inner-column elementor-element elementor-element-4425e62\" data-id=\"4425e62\" data-element_type=\"column\" data-e-type=\"column\">\n\t\t\t<div class=\"elementor-widget-wrap elementor-element-populated\">\n\t\t\t\t\t\t<div class=\"elementor-element elementor-element-1330cd3 view-type-1 title-alignment-left elementor-align-items-center elementor-widget elementor-widget-industrium_image_carousel\" data-id=\"1330cd3\" data-element_type=\"widget\" data-e-type=\"widget\" data-widget_type=\"industrium_image_carousel.default\">\n\t\t\t\t<div class=\"elementor-widget-container\">\n\t\t\t\t\t\n        <div class=\"industrium-image-slider-widget\">\n\n                        <div class=\"slider-wrapper\">\n                                <div class=\"slider-container\">\n                    <div class=\"image-carousel owl-carousel owl-theme\" data-slider-options=\"{&quot;items&quot;:3,&quot;nav&quot;:false,&quot;dots&quot;:true,&quot;dotsContainer&quot;:&quot;.owl-dots-1330cd3&quot;,&quot;dotsContainerMobile&quot;:&quot;.owl-dots-1330cd3&quot;,&quot;autoplayHoverPause&quot;:true,&quot;autoplay&quot;:true,&quot;autoplaySpeed&quot;:300,&quot;autoplayTimeout&quot;:5000,&quot;loop&quot;:true,&quot;speed&quot;:500}\">\n                        <div class=\"slider-item\"><div class=\"slider-item-inner\"><div class=\"slider-item-media\"><img fetchpriority=\"high\" decoding=\"async\" width=\"1707\" height=\"1707\" src=\"https:\/\/dev-action.teoria.agency\/wp-content\/uploads\/2024\/01\/Quadros_Eletricos_2.jpg\" class=\"attachment-full size-full wp-image-17964\" alt=\"\" srcset=\"https:\/\/dev-action.teoria.agency\/wp-content\/uploads\/2024\/01\/Quadros_Eletricos_2.jpg 1707w, https:\/\/dev-action.teoria.agency\/wp-content\/uploads\/2024\/01\/Quadros_Eletricos_2-300x300.jpg 300w, https:\/\/dev-action.teoria.agency\/wp-content\/uploads\/2024\/01\/Quadros_Eletricos_2-1024x1024.jpg 1024w, https:\/\/dev-action.teoria.agency\/wp-content\/uploads\/2024\/01\/Quadros_Eletricos_2-150x150.jpg 150w, https:\/\/dev-action.teoria.agency\/wp-content\/uploads\/2024\/01\/Quadros_Eletricos_2-768x768.jpg 768w, https:\/\/dev-action.teoria.agency\/wp-content\/uploads\/2024\/01\/Quadros_Eletricos_2-1536x1536.jpg 1536w, https:\/\/dev-action.teoria.agency\/wp-content\/uploads\/2024\/01\/Quadros_Eletricos_2-12x12.jpg 12w\" sizes=\"(max-width: 1707px) 100vw, 1707px\" \/><\/div><\/div><\/div><div class=\"slider-item\"><div class=\"slider-item-inner\"><div class=\"slider-item-media\"><img decoding=\"async\" width=\"1707\" height=\"1707\" src=\"https:\/\/dev-action.teoria.agency\/wp-content\/uploads\/2024\/01\/Quadros_Eletricos_3.jpg\" class=\"attachment-full size-full wp-image-17961\" alt=\"\" srcset=\"https:\/\/dev-action.teoria.agency\/wp-content\/uploads\/2024\/01\/Quadros_Eletricos_3.jpg 1707w, https:\/\/dev-action.teoria.agency\/wp-content\/uploads\/2024\/01\/Quadros_Eletricos_3-300x300.jpg 300w, https:\/\/dev-action.teoria.agency\/wp-content\/uploads\/2024\/01\/Quadros_Eletricos_3-1024x1024.jpg 1024w, https:\/\/dev-action.teoria.agency\/wp-content\/uploads\/2024\/01\/Quadros_Eletricos_3-150x150.jpg 150w, https:\/\/dev-action.teoria.agency\/wp-content\/uploads\/2024\/01\/Quadros_Eletricos_3-768x768.jpg 768w, https:\/\/dev-action.teoria.agency\/wp-content\/uploads\/2024\/01\/Quadros_Eletricos_3-1536x1536.jpg 1536w, https:\/\/dev-action.teoria.agency\/wp-content\/uploads\/2024\/01\/Quadros_Eletricos_3-12x12.jpg 12w\" sizes=\"(max-width: 1707px) 100vw, 1707px\" \/><\/div><\/div><\/div><div class=\"slider-item\"><div class=\"slider-item-inner\"><div class=\"slider-item-media\"><img decoding=\"async\" width=\"1707\" height=\"1707\" src=\"https:\/\/dev-action.teoria.agency\/wp-content\/uploads\/2024\/01\/Quadros_Eletricos_1.jpg\" class=\"attachment-full size-full wp-image-17963\" alt=\"\" srcset=\"https:\/\/dev-action.teoria.agency\/wp-content\/uploads\/2024\/01\/Quadros_Eletricos_1.jpg 1707w, https:\/\/dev-action.teoria.agency\/wp-content\/uploads\/2024\/01\/Quadros_Eletricos_1-300x300.jpg 300w, https:\/\/dev-action.teoria.agency\/wp-content\/uploads\/2024\/01\/Quadros_Eletricos_1-1024x1024.jpg 1024w, https:\/\/dev-action.teoria.agency\/wp-content\/uploads\/2024\/01\/Quadros_Eletricos_1-150x150.jpg 150w, https:\/\/dev-action.teoria.agency\/wp-content\/uploads\/2024\/01\/Quadros_Eletricos_1-768x768.jpg 768w, https:\/\/dev-action.teoria.agency\/wp-content\/uploads\/2024\/01\/Quadros_Eletricos_1-1536x1536.jpg 1536w, https:\/\/dev-action.teoria.agency\/wp-content\/uploads\/2024\/01\/Quadros_Eletricos_1-12x12.jpg 12w\" sizes=\"(max-width: 1707px) 100vw, 1707px\" \/><\/div><\/div><\/div><div class=\"slider-item\"><div class=\"slider-item-inner\"><div class=\"slider-item-media\"><img loading=\"lazy\" decoding=\"async\" width=\"1707\" height=\"1707\" src=\"https:\/\/dev-action.teoria.agency\/wp-content\/uploads\/2024\/01\/Quadros_Eletricos_4.jpg\" class=\"attachment-full size-full wp-image-17962\" alt=\"\" srcset=\"https:\/\/dev-action.teoria.agency\/wp-content\/uploads\/2024\/01\/Quadros_Eletricos_4.jpg 1707w, https:\/\/dev-action.teoria.agency\/wp-content\/uploads\/2024\/01\/Quadros_Eletricos_4-300x300.jpg 300w, https:\/\/dev-action.teoria.agency\/wp-content\/uploads\/2024\/01\/Quadros_Eletricos_4-1024x1024.jpg 1024w, https:\/\/dev-action.teoria.agency\/wp-content\/uploads\/2024\/01\/Quadros_Eletricos_4-150x150.jpg 150w, https:\/\/dev-action.teoria.agency\/wp-content\/uploads\/2024\/01\/Quadros_Eletricos_4-768x768.jpg 768w, https:\/\/dev-action.teoria.agency\/wp-content\/uploads\/2024\/01\/Quadros_Eletricos_4-1536x1536.jpg 1536w, https:\/\/dev-action.teoria.agency\/wp-content\/uploads\/2024\/01\/Quadros_Eletricos_4-12x12.jpg 12w\" sizes=\"(max-width: 1707px) 100vw, 1707px\" \/><\/div><\/div><\/div>                    <\/div>\n                <\/div>\n            <\/div>\n\n            <div class=\"owl-dots owl-dots-1330cd3\"><\/div>\n        <\/div>\n        \t\t\t\t<\/div>\n\t\t\t\t<\/div>\n\t\t\t\t\t<\/div>\n\t\t<\/div>\n\t\t\t\t\t<\/div>\n\t\t<\/section>\n\t\t\t\t\t<\/div>\n\t\t<\/div>\n\t\t\t\t\t<\/div>\n\t\t<\/section>\n\t\t\t\t<section class=\"elementor-section elementor-top-section elementor-element elementor-element-538e10d elementor-section-boxed elementor-section-height-default elementor-section-height-default\" data-id=\"538e10d\" data-element_type=\"section\" data-e-type=\"section\">\n\t\t\t\t\t\t<div class=\"elementor-container elementor-column-gap-default\">\n\t\t\t\t\t<div class=\"elementor-column elementor-col-100 elementor-top-column elementor-element elementor-element-734d54f\" data-id=\"734d54f\" data-element_type=\"column\" data-e-type=\"column\">\n\t\t\t<div class=\"elementor-widget-wrap elementor-element-populated\">\n\t\t\t\t\t\t<section class=\"elementor-section elementor-inner-section elementor-element elementor-element-2408cb6 elementor-section-row-wrap elementor-section-height-min-height elementor-section-boxed elementor-section-height-default\" data-id=\"2408cb6\" data-element_type=\"section\" data-e-type=\"section\" data-settings=\"{&quot;background_background&quot;:&quot;classic&quot;}\">\n\t\t\t\t\t\t\t<div class=\"elementor-background-overlay\"><\/div>\n\t\t\t\t\t\t\t<div class=\"elementor-container elementor-column-gap-wide\">\n\t\t\t\t\t<div class=\"elementor-column elementor-col-100 elementor-inner-column elementor-element elementor-element-fac28c9\" data-id=\"fac28c9\" data-element_type=\"column\" data-e-type=\"column\" data-settings=\"{&quot;background_background&quot;:&quot;classic&quot;}\">\n\t\t\t<div class=\"elementor-widget-wrap elementor-element-populated\">\n\t\t\t\t\t\t<div class=\"elementor-element elementor-element-82c59cb elementor-widget elementor-widget-industrium_heading\" data-id=\"82c59cb\" data-element_type=\"widget\" data-e-type=\"widget\" data-widget_type=\"industrium_heading.default\">\n\t\t\t\t<div class=\"elementor-widget-container\">\n\t\t\t\t\t<div class=\"industrium-heading-widget\"><h2 class=\"industrium-heading\"><span class=\"industrium-heading-content\">Demandez-nous un devis<\/span><\/h2><\/div>\t\t\t\t<\/div>\n\t\t\t\t<\/div>\n\t\t\t\t<div class=\"elementor-element elementor-element-76c3541 popupopen elementor-widget elementor-widget-industrium_button\" data-id=\"76c3541\" data-element_type=\"widget\" data-e-type=\"widget\" data-widget_type=\"industrium_button.default\">\n\t\t\t\t<div class=\"elementor-widget-container\">\n\t\t\t\t\t\n        <div class=\"button-widget\">\n            <div class=\"button-container\">\n                <a class=\"industrium-button button-type-2\" href=\"#\" >\n                    <span class=\"industrium-button-text\">Demande de devis<\/span>                    \n                <\/a>\n            <\/div>\n        <\/div>\n        \t\t\t\t<\/div>\n\t\t\t\t<\/div>\n\t\t\t\t\t<\/div>\n\t\t<\/div>\n\t\t\t\t\t<\/div>\n\t\t<\/section>\n\t\t\t\t\t<\/div>\n\t\t<\/div>\n\t\t\t\t\t<\/div>\n\t\t<\/section>\n\t\t\t\t<\/div>","protected":false},"excerpt":{"rendered":"<p>Or\u00e7amentamos e executamos todo o tipo de Quadros El\u00e9tricos distribui\u00e7\u00e3o de energia.Em estreita colabora\u00e7\u00e3o com os nossos parceiros, desenvolvemos solu\u00e7\u00f5es standard ou personalizadas, respeitando a prefer\u00eancia de marcas de equipamentos e outras especificidades. Os nossos produtos s\u00e3o constru\u00eddos segundo as recomenda\u00e7\u00f5es&#8230;<\/p>","protected":false},"author":1,"featured_media":0,"parent":0,"menu_order":0,"comment_status":"closed","ping_status":"closed","template":"","meta":{"footnotes":""},"class_list":["post-16360","page","type-page","status-publish","hentry"],"aioseo_notices":[],"_links":{"self":[{"href":"https:\/\/dev-action.teoria.agency\/fr\/wp-json\/wp\/v2\/pages\/16360","targetHints":{"allow":["GET"]}}],"collection":[{"href":"https:\/\/dev-action.teoria.agency\/fr\/wp-json\/wp\/v2\/pages"}],"about":[{"href":"https:\/\/dev-action.teoria.agency\/fr\/wp-json\/wp\/v2\/types\/page"}],"author":[{"embeddable":true,"href":"https:\/\/dev-action.teoria.agency\/fr\/wp-json\/wp\/v2\/users\/1"}],"replies":[{"embeddable":true,"href":"https:\/\/dev-action.teoria.agency\/fr\/wp-json\/wp\/v2\/comments?post=16360"}],"version-history":[{"count":112,"href":"https:\/\/dev-action.teoria.agency\/fr\/wp-json\/wp\/v2\/pages\/16360\/revisions"}],"predecessor-version":[{"id":17967,"href":"https:\/\/dev-action.teoria.agency\/fr\/wp-json\/wp\/v2\/pages\/16360\/revisions\/17967"}],"wp:attachment":[{"href":"https:\/\/dev-action.teoria.agency\/fr\/wp-json\/wp\/v2\/media?parent=16360"}],"curies":[{"name":"wp","href":"https:\/\/api.w.org\/{rel}","templated":true}]}}