{"id":16493,"date":"2023-10-19T14:58:46","date_gmt":"2023-10-19T14:58:46","guid":{"rendered":"https:\/\/dev-action.teoria.agency\/?page_id=16493"},"modified":"2024-07-05T16:32:45","modified_gmt":"2024-07-05T16:32:45","slug":"solucoes-inteligentes-knx","status":"publish","type":"page","link":"https:\/\/dev-action.teoria.agency\/fr\/solucoes-inteligentes-knx\/","title":{"rendered":"Solutions intelligentes KNX"},"content":{"rendered":"<div data-elementor-type=\"wp-page\" data-elementor-id=\"16493\" class=\"elementor elementor-16493\" data-elementor-post-type=\"page\">\n\t\t\t\t\t\t<section class=\"elementor-section elementor-top-section elementor-element elementor-element-bfecd03 elementor-section-full_width elementor-section-stretched elementor-section-height-default elementor-section-height-default\" data-id=\"bfecd03\" data-element_type=\"section\" data-e-type=\"section\" data-settings=\"{&quot;stretch_section&quot;:&quot;section-stretched&quot;,&quot;background_background&quot;:&quot;classic&quot;}\">\n\t\t\t\t\t\t<div class=\"elementor-container elementor-column-gap-no\">\n\t\t\t\t\t<div class=\"elementor-column elementor-col-100 elementor-top-column elementor-element elementor-element-fff7267\" data-id=\"fff7267\" data-element_type=\"column\" data-e-type=\"column\">\n\t\t\t<div class=\"elementor-widget-wrap elementor-element-populated\">\n\t\t\t\t\t\t<section class=\"elementor-section elementor-inner-section elementor-element elementor-element-c0b9d64 elementor-section-boxed elementor-section-height-default elementor-section-height-default\" data-id=\"c0b9d64\" data-element_type=\"section\" data-e-type=\"section\">\n\t\t\t\t\t\t<div class=\"elementor-container elementor-column-gap-wide\">\n\t\t\t\t\t<div class=\"elementor-column elementor-col-50 elementor-inner-column elementor-element elementor-element-4d11355\" data-id=\"4d11355\" data-element_type=\"column\" data-e-type=\"column\">\n\t\t\t<div class=\"elementor-widget-wrap elementor-element-populated\">\n\t\t\t\t\t\t<div class=\"elementor-element elementor-element-f5439b3 elementor-widget elementor-widget-industrium_heading\" data-id=\"f5439b3\" data-element_type=\"widget\" data-e-type=\"widget\" data-widget_type=\"industrium_heading.default\">\n\t\t\t\t<div class=\"elementor-widget-container\">\n\t\t\t\t\t<div class=\"industrium-heading-widget\"><h2 class=\"industrium-heading\"><span class=\"industrium-subheading\">Autres services<\/span><span class=\"industrium-heading-content\">Solutions intelligentes KNX<\/span><\/h2><\/div>\t\t\t\t<\/div>\n\t\t\t\t<\/div>\n\t\t\t\t<div class=\"elementor-element elementor-element-0087bfa popupopen elementor-widget elementor-widget-industrium_button\" data-id=\"0087bfa\" data-element_type=\"widget\" data-e-type=\"widget\" data-widget_type=\"industrium_button.default\">\n\t\t\t\t<div class=\"elementor-widget-container\">\n\t\t\t\t\t\n        <div class=\"button-widget\">\n            <div class=\"button-container\">\n                <a class=\"industrium-button button-type-1\" href=\"#\" >\n                    Demande de devis<svg viewbox=\"0 0 13 20\"><polyline points=\"0.5 19.5 3 19.5 12.5 10 3 0.5\"><\/polyline><\/svg>                    \n                <\/a>\n            <\/div>\n        <\/div>\n        \t\t\t\t<\/div>\n\t\t\t\t<\/div>\n\t\t\t\t\t<\/div>\n\t\t<\/div>\n\t\t\t\t<div class=\"elementor-column elementor-col-50 elementor-inner-column elementor-element elementor-element-14e0b78\" data-id=\"14e0b78\" data-element_type=\"column\" data-e-type=\"column\">\n\t\t\t<div class=\"elementor-widget-wrap elementor-element-populated\">\n\t\t\t\t\t\t<div class=\"elementor-element elementor-element-41268db elementor-widget elementor-widget-text-editor\" data-id=\"41268db\" data-element_type=\"widget\" data-e-type=\"widget\" data-widget_type=\"text-editor.default\">\n\t\t\t\t<div class=\"elementor-widget-container\">\n\t\t\t\t\t\t\t\t\t<p>La demande de gestion technique des b\u00e2timents ne cesse de cro\u00eetre. Utilisez KNX pour contr\u00f4ler votre installation.<\/p>\t\t\t\t\t\t\t\t<\/div>\n\t\t\t\t<\/div>\n\t\t\t\t<div class=\"elementor-element elementor-element-79ed807 elementor-widget elementor-widget-text-editor\" data-id=\"79ed807\" data-element_type=\"widget\" data-e-type=\"widget\" data-widget_type=\"text-editor.default\">\n\t\t\t\t<div class=\"elementor-widget-container\">\n\t\t\t\t\t\t\t\t\t<p>Pour le confort, la s\u00e9curit\u00e9 et la rentabilit\u00e9 de la consommation d'\u00e9nergie, que ce soit dans votre maison ou sur votre lieu de travail, tournez-vous vers les solutions KNX.<br \/>Gr\u00e2ce \u00e0 cette solution intelligente, vous pourrez \u00e9galement contr\u00f4ler et surveiller l'ensemble de votre installation.<\/p>\t\t\t\t\t\t\t\t<\/div>\n\t\t\t\t<\/div>\n\t\t\t\t\t<\/div>\n\t\t<\/div>\n\t\t\t\t\t<\/div>\n\t\t<\/section>\n\t\t\t\t<section class=\"elementor-section elementor-inner-section elementor-element elementor-element-e80e439 elementor-section-boxed elementor-section-height-default elementor-section-height-default\" data-id=\"e80e439\" data-element_type=\"section\" data-e-type=\"section\">\n\t\t\t\t\t\t<div class=\"elementor-container elementor-column-gap-default\">\n\t\t\t\t\t<div class=\"elementor-column elementor-col-100 elementor-inner-column elementor-element elementor-element-462174c\" data-id=\"462174c\" data-element_type=\"column\" data-e-type=\"column\">\n\t\t\t<div class=\"elementor-widget-wrap elementor-element-populated\">\n\t\t\t\t\t\t<div class=\"elementor-element elementor-element-6671227 view-type-1 title-alignment-left elementor-align-items-center elementor-widget elementor-widget-industrium_image_carousel\" data-id=\"6671227\" data-element_type=\"widget\" data-e-type=\"widget\" data-widget_type=\"industrium_image_carousel.default\">\n\t\t\t\t<div class=\"elementor-widget-container\">\n\t\t\t\t\t\n        <div class=\"industrium-image-slider-widget\">\n\n                        <div class=\"slider-wrapper\">\n                                <div class=\"slider-container\">\n                    <div class=\"image-carousel owl-carousel owl-theme\" data-slider-options=\"{&quot;items&quot;:3,&quot;nav&quot;:false,&quot;dots&quot;:true,&quot;dotsContainer&quot;:&quot;.owl-dots-6671227&quot;,&quot;dotsContainerMobile&quot;:&quot;.owl-dots-6671227&quot;,&quot;autoplayHoverPause&quot;:true,&quot;autoplay&quot;:true,&quot;autoplaySpeed&quot;:300,&quot;autoplayTimeout&quot;:5000,&quot;loop&quot;:true,&quot;speed&quot;:500}\">\n                        <div class=\"slider-item\"><div class=\"slider-item-inner\"><div class=\"slider-item-media\"><img fetchpriority=\"high\" decoding=\"async\" width=\"2560\" height=\"1920\" src=\"https:\/\/dev-action.teoria.agency\/wp-content\/uploads\/2024\/05\/image00001-scaled.jpeg\" class=\"attachment-full size-full wp-image-18065\" alt=\"\" srcset=\"https:\/\/dev-action.teoria.agency\/wp-content\/uploads\/2024\/05\/image00001-scaled.jpeg 2560w, https:\/\/dev-action.teoria.agency\/wp-content\/uploads\/2024\/05\/image00001-300x225.jpeg 300w, https:\/\/dev-action.teoria.agency\/wp-content\/uploads\/2024\/05\/image00001-1024x768.jpeg 1024w, https:\/\/dev-action.teoria.agency\/wp-content\/uploads\/2024\/05\/image00001-768x576.jpeg 768w, https:\/\/dev-action.teoria.agency\/wp-content\/uploads\/2024\/05\/image00001-1536x1152.jpeg 1536w, https:\/\/dev-action.teoria.agency\/wp-content\/uploads\/2024\/05\/image00001-2048x1536.jpeg 2048w, https:\/\/dev-action.teoria.agency\/wp-content\/uploads\/2024\/05\/image00001-16x12.jpeg 16w, https:\/\/dev-action.teoria.agency\/wp-content\/uploads\/2024\/05\/image00001-1920x1440.jpeg 1920w, https:\/\/dev-action.teoria.agency\/wp-content\/uploads\/2024\/05\/image00001-1280x960.jpeg 1280w, https:\/\/dev-action.teoria.agency\/wp-content\/uploads\/2024\/05\/image00001-960x720.jpeg 960w, https:\/\/dev-action.teoria.agency\/wp-content\/uploads\/2024\/05\/image00001-640x479.jpeg 640w, https:\/\/dev-action.teoria.agency\/wp-content\/uploads\/2024\/05\/image00001-480x359.jpeg 480w, https:\/\/dev-action.teoria.agency\/wp-content\/uploads\/2024\/05\/image00001-384x287.jpeg 384w, https:\/\/dev-action.teoria.agency\/wp-content\/uploads\/2024\/05\/image00001-320x239.jpeg 320w\" sizes=\"(max-width: 2560px) 100vw, 2560px\" \/><\/div><\/div><\/div><div class=\"slider-item\"><div class=\"slider-item-inner\"><div class=\"slider-item-media\"><img decoding=\"async\" width=\"2560\" height=\"1920\" src=\"https:\/\/dev-action.teoria.agency\/wp-content\/uploads\/2024\/05\/image00002-scaled.jpeg\" class=\"attachment-full size-full wp-image-18066\" alt=\"\" srcset=\"https:\/\/dev-action.teoria.agency\/wp-content\/uploads\/2024\/05\/image00002-scaled.jpeg 2560w, https:\/\/dev-action.teoria.agency\/wp-content\/uploads\/2024\/05\/image00002-300x225.jpeg 300w, https:\/\/dev-action.teoria.agency\/wp-content\/uploads\/2024\/05\/image00002-1024x768.jpeg 1024w, https:\/\/dev-action.teoria.agency\/wp-content\/uploads\/2024\/05\/image00002-768x576.jpeg 768w, https:\/\/dev-action.teoria.agency\/wp-content\/uploads\/2024\/05\/image00002-1536x1152.jpeg 1536w, https:\/\/dev-action.teoria.agency\/wp-content\/uploads\/2024\/05\/image00002-2048x1536.jpeg 2048w, https:\/\/dev-action.teoria.agency\/wp-content\/uploads\/2024\/05\/image00002-16x12.jpeg 16w, https:\/\/dev-action.teoria.agency\/wp-content\/uploads\/2024\/05\/image00002-1920x1440.jpeg 1920w, https:\/\/dev-action.teoria.agency\/wp-content\/uploads\/2024\/05\/image00002-1280x960.jpeg 1280w, https:\/\/dev-action.teoria.agency\/wp-content\/uploads\/2024\/05\/image00002-960x720.jpeg 960w, https:\/\/dev-action.teoria.agency\/wp-content\/uploads\/2024\/05\/image00002-640x479.jpeg 640w, https:\/\/dev-action.teoria.agency\/wp-content\/uploads\/2024\/05\/image00002-480x359.jpeg 480w, https:\/\/dev-action.teoria.agency\/wp-content\/uploads\/2024\/05\/image00002-384x287.jpeg 384w, https:\/\/dev-action.teoria.agency\/wp-content\/uploads\/2024\/05\/image00002-320x239.jpeg 320w\" sizes=\"(max-width: 2560px) 100vw, 2560px\" \/><\/div><\/div><\/div><div class=\"slider-item\"><div class=\"slider-item-inner\"><div class=\"slider-item-media\"><img decoding=\"async\" width=\"2560\" height=\"1920\" src=\"https:\/\/dev-action.teoria.agency\/wp-content\/uploads\/2024\/05\/image00003-scaled.jpeg\" class=\"attachment-full size-full wp-image-18067\" alt=\"\" srcset=\"https:\/\/dev-action.teoria.agency\/wp-content\/uploads\/2024\/05\/image00003-scaled.jpeg 2560w, https:\/\/dev-action.teoria.agency\/wp-content\/uploads\/2024\/05\/image00003-300x225.jpeg 300w, https:\/\/dev-action.teoria.agency\/wp-content\/uploads\/2024\/05\/image00003-1024x768.jpeg 1024w, https:\/\/dev-action.teoria.agency\/wp-content\/uploads\/2024\/05\/image00003-768x576.jpeg 768w, https:\/\/dev-action.teoria.agency\/wp-content\/uploads\/2024\/05\/image00003-1536x1152.jpeg 1536w, https:\/\/dev-action.teoria.agency\/wp-content\/uploads\/2024\/05\/image00003-2048x1536.jpeg 2048w, https:\/\/dev-action.teoria.agency\/wp-content\/uploads\/2024\/05\/image00003-16x12.jpeg 16w, https:\/\/dev-action.teoria.agency\/wp-content\/uploads\/2024\/05\/image00003-1920x1440.jpeg 1920w, https:\/\/dev-action.teoria.agency\/wp-content\/uploads\/2024\/05\/image00003-1280x960.jpeg 1280w, https:\/\/dev-action.teoria.agency\/wp-content\/uploads\/2024\/05\/image00003-960x720.jpeg 960w, https:\/\/dev-action.teoria.agency\/wp-content\/uploads\/2024\/05\/image00003-640x479.jpeg 640w, https:\/\/dev-action.teoria.agency\/wp-content\/uploads\/2024\/05\/image00003-480x359.jpeg 480w, https:\/\/dev-action.teoria.agency\/wp-content\/uploads\/2024\/05\/image00003-384x287.jpeg 384w, https:\/\/dev-action.teoria.agency\/wp-content\/uploads\/2024\/05\/image00003-320x239.jpeg 320w\" sizes=\"(max-width: 2560px) 100vw, 2560px\" \/><\/div><\/div><\/div><div class=\"slider-item\"><div class=\"slider-item-inner\"><div class=\"slider-item-media\"><img loading=\"lazy\" decoding=\"async\" width=\"1920\" height=\"2560\" src=\"https:\/\/dev-action.teoria.agency\/wp-content\/uploads\/2024\/05\/image00004-scaled.jpeg\" class=\"attachment-full size-full wp-image-18068\" alt=\"\" srcset=\"https:\/\/dev-action.teoria.agency\/wp-content\/uploads\/2024\/05\/image00004-scaled.jpeg 1920w, https:\/\/dev-action.teoria.agency\/wp-content\/uploads\/2024\/05\/image00004-225x300.jpeg 225w, https:\/\/dev-action.teoria.agency\/wp-content\/uploads\/2024\/05\/image00004-768x1024.jpeg 768w, https:\/\/dev-action.teoria.agency\/wp-content\/uploads\/2024\/05\/image00004-1152x1536.jpeg 1152w, https:\/\/dev-action.teoria.agency\/wp-content\/uploads\/2024\/05\/image00004-1536x2048.jpeg 1536w, https:\/\/dev-action.teoria.agency\/wp-content\/uploads\/2024\/05\/image00004-9x12.jpeg 9w\" sizes=\"(max-width: 1920px) 100vw, 1920px\" \/><\/div><\/div><\/div>                    <\/div>\n                <\/div>\n            <\/div>\n\n            <div class=\"owl-dots owl-dots-6671227\"><\/div>\n        <\/div>\n        \t\t\t\t<\/div>\n\t\t\t\t<\/div>\n\t\t\t\t\t<\/div>\n\t\t<\/div>\n\t\t\t\t\t<\/div>\n\t\t<\/section>\n\t\t\t\t\t<\/div>\n\t\t<\/div>\n\t\t\t\t\t<\/div>\n\t\t<\/section>\n\t\t\t\t<section class=\"elementor-section elementor-top-section elementor-element elementor-element-c018e6c elementor-reverse-tablet elementor-reverse-mobile_extra elementor-reverse-mobile elementor-section-boxed elementor-section-height-default elementor-section-height-default\" data-id=\"c018e6c\" data-element_type=\"section\" data-e-type=\"section\">\n\t\t\t\t\t\t<div class=\"elementor-container elementor-column-gap-wide\">\n\t\t\t\t\t<div class=\"elementor-column elementor-col-50 elementor-top-column elementor-element elementor-element-e953d62\" data-id=\"e953d62\" data-element_type=\"column\" data-e-type=\"column\">\n\t\t\t<div class=\"elementor-widget-wrap elementor-element-populated\">\n\t\t\t\t\t\t<div class=\"elementor-element elementor-element-48969ae elementor-widget elementor-widget-image\" data-id=\"48969ae\" data-element_type=\"widget\" data-e-type=\"widget\" data-widget_type=\"image.default\">\n\t\t\t\t<div class=\"elementor-widget-container\">\n\t\t\t\t\t\t\t\t\t\t\t\t\t\t\t<img loading=\"lazy\" decoding=\"async\" width=\"600\" height=\"600\" src=\"https:\/\/dev-action.teoria.agency\/wp-content\/uploads\/2023\/11\/Action-Electric_Iconografia-23.svg\" class=\"attachment-full size-full wp-image-17199\" alt=\"\" \/>\t\t\t\t\t\t\t\t\t\t\t\t\t\t\t<\/div>\n\t\t\t\t<\/div>\n\t\t\t\t\t<\/div>\n\t\t<\/div>\n\t\t\t\t<div class=\"elementor-column elementor-col-50 elementor-top-column elementor-element elementor-element-6c629bd\" data-id=\"6c629bd\" data-element_type=\"column\" data-e-type=\"column\">\n\t\t\t<div class=\"elementor-widget-wrap elementor-element-populated\">\n\t\t\t\t\t\t<div class=\"elementor-element elementor-element-3b4864a elementor-widget elementor-widget-industrium_heading\" data-id=\"3b4864a\" data-element_type=\"widget\" data-e-type=\"widget\" data-widget_type=\"industrium_heading.default\">\n\t\t\t\t<div class=\"elementor-widget-container\">\n\t\t\t\t\t<div class=\"industrium-heading-widget\"><h2 class=\"industrium-heading\"><span class=\"industrium-subheading\">Solutions intelligentes KNX<\/span><span class=\"industrium-heading-content\">KNX : une approche simple aux multiples avantages<\/span><\/h2><\/div>\t\t\t\t<\/div>\n\t\t\t\t<\/div>\n\t\t\t\t<div class=\"elementor-element elementor-element-767cd8a elementor-widget elementor-widget-accordion\" data-id=\"767cd8a\" data-element_type=\"widget\" data-e-type=\"widget\" data-widget_type=\"accordion.default\">\n\t\t\t\t<div class=\"elementor-widget-container\">\n\t\t\t\t\t\t\t<div class=\"elementor-accordion\">\n\t\t\t\t\t\t\t<div class=\"elementor-accordion-item\">\n\t\t\t\t\t<div id=\"elementor-tab-title-1241\" class=\"elementor-tab-title\" data-tab=\"1\" role=\"button\" aria-controls=\"elementor-tab-content-1241\" aria-expanded=\"false\">\n\t\t\t\t\t\t\t\t\t\t\t\t\t<span class=\"elementor-accordion-icon elementor-accordion-icon-left\" aria-hidden=\"true\">\n\t\t\t\t\t\t\t\t\t\t\t\t\t\t\t<span class=\"elementor-accordion-icon-closed\"><svg xmlns=\"http:\/\/www.w3.org\/2000\/svg\" xmlns:xlink=\"http:\/\/www.w3.org\/1999\/xlink\" viewbox=\"0 0 16 16\"><path d=\"M14.374,15.999 L5.562,15.999 L5.562,14.374 L13.238,14.374 L0.0,1.135 L1.137,0.1 L14.374,13.236 L14.374,5.562 L15.999,5.562 L15.999,14.374 L15.999,15.999 L14.374,15.999 Z\"><\/path><\/svg><\/span>\n\t\t\t\t\t\t\t\t<span class=\"elementor-accordion-icon-opened\"><svg xmlns=\"http:\/\/www.w3.org\/2000\/svg\" viewbox=\"0 0 38.2 25.9\"><path d=\"m 38.2,12.9 v 0 L 25.3,0 l -2,2 9.5,9.5 H 0 v 2.9 h 32.8 l -9.5,9.5 2,2 10.9,-11 v 0 l 1.6,-1.5 z\"><\/path><\/svg><\/span>\n\t\t\t\t\t\t\t\t\t\t\t\t\t\t<\/span>\n\t\t\t\t\t\t\t\t\t\t\t\t<a class=\"elementor-accordion-title\" tabindex=\"0\">Les faibles co\u00fbts d'exploitation permettent de r\u00e9aliser des \u00e9conomies d'\u00e9nergie<\/a>\n\t\t\t\t\t<\/div>\n\t\t\t\t\t<div id=\"elementor-tab-content-1241\" class=\"elementor-tab-content elementor-clearfix\" data-tab=\"1\" role=\"region\" aria-labelledby=\"elementor-tab-title-1241\"><div class=\"wpb_text_column wpb_content_element\"><div class=\"wpb_wrapper\"><p>Le chauffage et l'\u00e9clairage ne sont allum\u00e9s que lorsque cela est n\u00e9cessaire. En outre, l'\u00e9clairage peut \u00eatre contr\u00f4l\u00e9 automatiquement en fonction de l'intensit\u00e9 lumineuse ext\u00e9rieure, ce qui permet de maintenir le niveau d'\u00e9clairage minimum sp\u00e9cifi\u00e9 pour chaque pi\u00e8ce et de r\u00e9duire la consommation d'\u00e9nergie.<\/p><\/div><\/div><\/div>\n\t\t\t\t<\/div>\n\t\t\t\t\t\t\t<div class=\"elementor-accordion-item\">\n\t\t\t\t\t<div id=\"elementor-tab-title-1242\" class=\"elementor-tab-title\" data-tab=\"2\" role=\"button\" aria-controls=\"elementor-tab-content-1242\" aria-expanded=\"false\">\n\t\t\t\t\t\t\t\t\t\t\t\t\t<span class=\"elementor-accordion-icon elementor-accordion-icon-left\" aria-hidden=\"true\">\n\t\t\t\t\t\t\t\t\t\t\t\t\t\t\t<span class=\"elementor-accordion-icon-closed\"><svg xmlns=\"http:\/\/www.w3.org\/2000\/svg\" xmlns:xlink=\"http:\/\/www.w3.org\/1999\/xlink\" viewbox=\"0 0 16 16\"><path d=\"M14.374,15.999 L5.562,15.999 L5.562,14.374 L13.238,14.374 L0.0,1.135 L1.137,0.1 L14.374,13.236 L14.374,5.562 L15.999,5.562 L15.999,14.374 L15.999,15.999 L14.374,15.999 Z\"><\/path><\/svg><\/span>\n\t\t\t\t\t\t\t\t<span class=\"elementor-accordion-icon-opened\"><svg xmlns=\"http:\/\/www.w3.org\/2000\/svg\" viewbox=\"0 0 38.2 25.9\"><path d=\"m 38.2,12.9 v 0 L 25.3,0 l -2,2 9.5,9.5 H 0 v 2.9 h 32.8 l -9.5,9.5 2,2 10.9,-11 v 0 l 1.6,-1.5 z\"><\/path><\/svg><\/span>\n\t\t\t\t\t\t\t\t\t\t\t\t\t\t<\/span>\n\t\t\t\t\t\t\t\t\t\t\t\t<a class=\"elementor-accordion-title\" tabindex=\"0\">Gagner du temps<\/a>\n\t\t\t\t\t<\/div>\n\t\t\t\t\t<div id=\"elementor-tab-content-1242\" class=\"elementor-tab-content elementor-clearfix\" data-tab=\"2\" role=\"region\" aria-labelledby=\"elementor-tab-title-1242\"><p>En interconnectant tous les \u00e9quipements de communication via un seul c\u00e2ble de bus, le temps d'installation et l'espace sont consid\u00e9rablement r\u00e9duits. Un seul fabricant ainsi qu'une seule application ind\u00e9pendante (ETS - Engineering Tool Software) permettent la conception, l'ing\u00e9nierie et la configuration d'installations utilisant des produits certifi\u00e9s KNX. Comme l'application est ind\u00e9pendante de tout fabricant, l'int\u00e9grateur peut combiner des produits de diff\u00e9rents fabricants avec diff\u00e9rents moyens de connexion (c\u00e2ble torsad\u00e9, radiofr\u00e9quence, ligne \u00e9lectrique ou IP\/Ethernet) dans une seule installation.<\/p><\/div>\n\t\t\t\t<\/div>\n\t\t\t\t\t\t\t<div class=\"elementor-accordion-item\">\n\t\t\t\t\t<div id=\"elementor-tab-title-1243\" class=\"elementor-tab-title\" data-tab=\"3\" role=\"button\" aria-controls=\"elementor-tab-content-1243\" aria-expanded=\"false\">\n\t\t\t\t\t\t\t\t\t\t\t\t\t<span class=\"elementor-accordion-icon elementor-accordion-icon-left\" aria-hidden=\"true\">\n\t\t\t\t\t\t\t\t\t\t\t\t\t\t\t<span class=\"elementor-accordion-icon-closed\"><svg xmlns=\"http:\/\/www.w3.org\/2000\/svg\" xmlns:xlink=\"http:\/\/www.w3.org\/1999\/xlink\" viewbox=\"0 0 16 16\"><path d=\"M14.374,15.999 L5.562,15.999 L5.562,14.374 L13.238,14.374 L0.0,1.135 L1.137,0.1 L14.374,13.236 L14.374,5.562 L15.999,5.562 L15.999,14.374 L15.999,15.999 L14.374,15.999 Z\"><\/path><\/svg><\/span>\n\t\t\t\t\t\t\t\t<span class=\"elementor-accordion-icon-opened\"><svg xmlns=\"http:\/\/www.w3.org\/2000\/svg\" viewbox=\"0 0 38.2 25.9\"><path d=\"m 38.2,12.9 v 0 L 25.3,0 l -2,2 9.5,9.5 H 0 v 2.9 h 32.8 l -9.5,9.5 2,2 10.9,-11 v 0 l 1.6,-1.5 z\"><\/path><\/svg><\/span>\n\t\t\t\t\t\t\t\t\t\t\t\t\t\t<\/span>\n\t\t\t\t\t\t\t\t\t\t\t\t<a class=\"elementor-accordion-title\" tabindex=\"0\">Flexibilit\u00e9 et adaptabilit\u00e9 dans les d\u00e9veloppements futurs<\/a>\n\t\t\t\t\t<\/div>\n\t\t\t\t\t<div id=\"elementor-tab-content-1243\" class=\"elementor-tab-content elementor-clearfix\" data-tab=\"3\" role=\"region\" aria-labelledby=\"elementor-tab-title-1243\"><p>Une installation KNX peut \u00eatre facilement adapt\u00e9e \u00e0 de nouvelles applications et facilement \u00e9tendue. De nouveaux composants peuvent \u00eatre facilement connect\u00e9s \u00e0 l'installation de bus existante.<\/p><\/div>\n\t\t\t\t<\/div>\n\t\t\t\t\t\t\t\t<\/div>\n\t\t\t\t\t\t<\/div>\n\t\t\t\t<\/div>\n\t\t\t\t\t<\/div>\n\t\t<\/div>\n\t\t\t\t\t<\/div>\n\t\t<\/section>\n\t\t\t\t<section class=\"elementor-section elementor-top-section elementor-element elementor-element-6a84493 elementor-section-boxed elementor-section-height-default elementor-section-height-default\" data-id=\"6a84493\" data-element_type=\"section\" data-e-type=\"section\">\n\t\t\t\t\t\t<div class=\"elementor-container elementor-column-gap-default\">\n\t\t\t\t\t<div class=\"elementor-column elementor-col-100 elementor-top-column elementor-element elementor-element-a436699\" data-id=\"a436699\" data-element_type=\"column\" data-e-type=\"column\">\n\t\t\t<div class=\"elementor-widget-wrap elementor-element-populated\">\n\t\t\t\t\t\t<section class=\"elementor-section elementor-inner-section elementor-element elementor-element-8738949 elementor-section-row-wrap elementor-section-height-min-height elementor-section-boxed elementor-section-height-default\" data-id=\"8738949\" data-element_type=\"section\" data-e-type=\"section\" data-settings=\"{&quot;background_background&quot;:&quot;classic&quot;}\">\n\t\t\t\t\t\t\t<div class=\"elementor-background-overlay\"><\/div>\n\t\t\t\t\t\t\t<div class=\"elementor-container elementor-column-gap-wide\">\n\t\t\t\t\t<div class=\"elementor-column elementor-col-100 elementor-inner-column elementor-element elementor-element-f16085a\" data-id=\"f16085a\" data-element_type=\"column\" data-e-type=\"column\" data-settings=\"{&quot;background_background&quot;:&quot;classic&quot;}\">\n\t\t\t<div class=\"elementor-widget-wrap elementor-element-populated\">\n\t\t\t\t\t\t<div class=\"elementor-element elementor-element-ef3cc93 elementor-widget elementor-widget-industrium_heading\" data-id=\"ef3cc93\" data-element_type=\"widget\" data-e-type=\"widget\" data-widget_type=\"industrium_heading.default\">\n\t\t\t\t<div class=\"elementor-widget-container\">\n\t\t\t\t\t<div class=\"industrium-heading-widget\"><h2 class=\"industrium-heading\"><span class=\"industrium-heading-content\">Demandez-nous un devis<\/span><\/h2><\/div>\t\t\t\t<\/div>\n\t\t\t\t<\/div>\n\t\t\t\t<div class=\"elementor-element elementor-element-3b5cf04 popupopen elementor-widget elementor-widget-industrium_button\" data-id=\"3b5cf04\" data-element_type=\"widget\" data-e-type=\"widget\" data-widget_type=\"industrium_button.default\">\n\t\t\t\t<div class=\"elementor-widget-container\">\n\t\t\t\t\t\n        <div class=\"button-widget\">\n            <div class=\"button-container\">\n                <a class=\"industrium-button button-type-2\" href=\"#\" >\n                    <span class=\"industrium-button-text\">Demande de devis<\/span>                    \n                <\/a>\n            <\/div>\n        <\/div>\n        \t\t\t\t<\/div>\n\t\t\t\t<\/div>\n\t\t\t\t\t<\/div>\n\t\t<\/div>\n\t\t\t\t\t<\/div>\n\t\t<\/section>\n\t\t\t\t\t<\/div>\n\t\t<\/div>\n\t\t\t\t\t<\/div>\n\t\t<\/section>\n\t\t\t\t<\/div>","protected":false},"excerpt":{"rendered":"<p>A procura pela gest\u00e3o t\u00e9cnica de edif\u00edcios continua a crescer. Utilize o KNX para controlar a sua instala\u00e7\u00e3o. Para obter conforto seguran\u00e7a e rentabilidade no consumo de energia, quer seja na sua resid\u00eancia ou no seu local de trabalho procure as&#8230;<\/p>","protected":false},"author":1,"featured_media":0,"parent":0,"menu_order":0,"comment_status":"closed","ping_status":"closed","template":"","meta":{"footnotes":""},"class_list":["post-16493","page","type-page","status-publish","hentry"],"aioseo_notices":[],"_links":{"self":[{"href":"https:\/\/dev-action.teoria.agency\/fr\/wp-json\/wp\/v2\/pages\/16493","targetHints":{"allow":["GET"]}}],"collection":[{"href":"https:\/\/dev-action.teoria.agency\/fr\/wp-json\/wp\/v2\/pages"}],"about":[{"href":"https:\/\/dev-action.teoria.agency\/fr\/wp-json\/wp\/v2\/types\/page"}],"author":[{"embeddable":true,"href":"https:\/\/dev-action.teoria.agency\/fr\/wp-json\/wp\/v2\/users\/1"}],"replies":[{"embeddable":true,"href":"https:\/\/dev-action.teoria.agency\/fr\/wp-json\/wp\/v2\/comments?post=16493"}],"version-history":[{"count":5,"href":"https:\/\/dev-action.teoria.agency\/fr\/wp-json\/wp\/v2\/pages\/16493\/revisions"}],"predecessor-version":[{"id":18071,"href":"https:\/\/dev-action.teoria.agency\/fr\/wp-json\/wp\/v2\/pages\/16493\/revisions\/18071"}],"wp:attachment":[{"href":"https:\/\/dev-action.teoria.agency\/fr\/wp-json\/wp\/v2\/media?parent=16493"}],"curies":[{"name":"wp","href":"https:\/\/api.w.org\/{rel}","templated":true}]}}