{"id":16536,"date":"2023-10-19T21:43:19","date_gmt":"2023-10-19T21:43:19","guid":{"rendered":"https:\/\/dev-action.teoria.agency\/?page_id=16536"},"modified":"2023-12-18T14:02:00","modified_gmt":"2023-12-18T14:02:00","slug":"projetos-solucoes-personalizadas","status":"publish","type":"page","link":"https:\/\/dev-action.teoria.agency\/fr\/projetos-solucoes-personalizadas\/","title":{"rendered":"Projets \/ Solutions personnalis\u00e9es"},"content":{"rendered":"<div data-elementor-type=\"wp-page\" data-elementor-id=\"16536\" class=\"elementor elementor-16536\" data-elementor-post-type=\"page\">\n\t\t\t\t\t\t<section class=\"elementor-section elementor-top-section elementor-element elementor-element-6a5fd7d elementor-section-full_width elementor-section-stretched elementor-section-height-default elementor-section-height-default\" data-id=\"6a5fd7d\" data-element_type=\"section\" data-e-type=\"section\" data-settings=\"{&quot;stretch_section&quot;:&quot;section-stretched&quot;,&quot;background_background&quot;:&quot;classic&quot;}\">\n\t\t\t\t\t\t<div class=\"elementor-container elementor-column-gap-no\">\n\t\t\t\t\t<div class=\"elementor-column elementor-col-100 elementor-top-column elementor-element elementor-element-9176c32\" data-id=\"9176c32\" data-element_type=\"column\" data-e-type=\"column\">\n\t\t\t<div class=\"elementor-widget-wrap elementor-element-populated\">\n\t\t\t\t\t\t<section class=\"elementor-section elementor-inner-section elementor-element elementor-element-7b81870 elementor-section-boxed elementor-section-height-default elementor-section-height-default\" data-id=\"7b81870\" data-element_type=\"section\" data-e-type=\"section\">\n\t\t\t\t\t\t<div class=\"elementor-container elementor-column-gap-wide\">\n\t\t\t\t\t<div class=\"elementor-column elementor-col-50 elementor-inner-column elementor-element elementor-element-0c93f9c\" data-id=\"0c93f9c\" data-element_type=\"column\" data-e-type=\"column\">\n\t\t\t<div class=\"elementor-widget-wrap elementor-element-populated\">\n\t\t\t\t\t\t<div class=\"elementor-element elementor-element-daec0d5 elementor-widget elementor-widget-industrium_heading\" data-id=\"daec0d5\" data-element_type=\"widget\" data-e-type=\"widget\" data-widget_type=\"industrium_heading.default\">\n\t\t\t\t<div class=\"elementor-widget-container\">\n\t\t\t\t\t<div class=\"industrium-heading-widget\"><h2 class=\"industrium-heading\"><span class=\"industrium-subheading\">Produits<\/span><span class=\"industrium-heading-content\">Projets \/ Solutions personnalis\u00e9es<\/span><\/h2><\/div>\t\t\t\t<\/div>\n\t\t\t\t<\/div>\n\t\t\t\t<div class=\"elementor-element elementor-element-4c36b93 popupopen elementor-widget elementor-widget-industrium_button\" data-id=\"4c36b93\" data-element_type=\"widget\" data-e-type=\"widget\" data-widget_type=\"industrium_button.default\">\n\t\t\t\t<div class=\"elementor-widget-container\">\n\t\t\t\t\t\n        <div class=\"button-widget\">\n            <div class=\"button-container\">\n                <a class=\"industrium-button button-type-1\" href=\"#\" >\n                    Demande de devis<svg viewbox=\"0 0 13 20\"><polyline points=\"0.5 19.5 3 19.5 12.5 10 3 0.5\"><\/polyline><\/svg>                    \n                <\/a>\n            <\/div>\n        <\/div>\n        \t\t\t\t<\/div>\n\t\t\t\t<\/div>\n\t\t\t\t\t<\/div>\n\t\t<\/div>\n\t\t\t\t<div class=\"elementor-column elementor-col-50 elementor-inner-column elementor-element elementor-element-f5da42c\" data-id=\"f5da42c\" data-element_type=\"column\" data-e-type=\"column\">\n\t\t\t<div class=\"elementor-widget-wrap elementor-element-populated\">\n\t\t\t\t\t\t<div class=\"elementor-element elementor-element-8177fa7 elementor-widget elementor-widget-text-editor\" data-id=\"8177fa7\" data-element_type=\"widget\" data-e-type=\"widget\" data-widget_type=\"text-editor.default\">\n\t\t\t\t<div class=\"elementor-widget-container\">\n\t\t\t\t\t\t\t\t\t<p>Vous recherchez une solution diff\u00e9rente qui ne correspond pas aux solutions standard ? Nous pouvons vous aider en planifiant et en d\u00e9veloppant des projets de tableaux \u00e9lectriques sur mesure de tous types, r\u00e9pondant \u00e0 vos exigences et besoins, tout en respectant les normes du march\u00e9.<\/p>\t\t\t\t\t\t\t\t<\/div>\n\t\t\t\t<\/div>\n\t\t\t\t\t<\/div>\n\t\t<\/div>\n\t\t\t\t\t<\/div>\n\t\t<\/section>\n\t\t\t\t<section class=\"elementor-section elementor-inner-section elementor-element elementor-element-c9ce2d7 elementor-section-boxed elementor-section-height-default elementor-section-height-default\" data-id=\"c9ce2d7\" data-element_type=\"section\" data-e-type=\"section\">\n\t\t\t\t\t\t<div class=\"elementor-container elementor-column-gap-default\">\n\t\t\t\t\t<div class=\"elementor-column elementor-col-100 elementor-inner-column elementor-element elementor-element-fb259d6\" data-id=\"fb259d6\" data-element_type=\"column\" data-e-type=\"column\">\n\t\t\t<div class=\"elementor-widget-wrap elementor-element-populated\">\n\t\t\t\t\t\t<div class=\"elementor-element elementor-element-4f374ef view-type-1 title-alignment-left elementor-align-items-center elementor-widget elementor-widget-industrium_image_carousel\" data-id=\"4f374ef\" data-element_type=\"widget\" data-e-type=\"widget\" data-widget_type=\"industrium_image_carousel.default\">\n\t\t\t\t<div class=\"elementor-widget-container\">\n\t\t\t\t\t\n        <div class=\"industrium-image-slider-widget\">\n\n                        <div class=\"slider-wrapper\">\n                                <div class=\"slider-container\">\n                    <div class=\"image-carousel owl-carousel owl-theme\" data-slider-options=\"{&quot;items&quot;:3,&quot;nav&quot;:false,&quot;dots&quot;:true,&quot;dotsContainer&quot;:&quot;.owl-dots-4f374ef&quot;,&quot;dotsContainerMobile&quot;:&quot;.owl-dots-4f374ef&quot;,&quot;autoplayHoverPause&quot;:true,&quot;autoplay&quot;:true,&quot;autoplaySpeed&quot;:300,&quot;autoplayTimeout&quot;:5000,&quot;loop&quot;:true,&quot;speed&quot;:500}\">\n                        <div class=\"slider-item\"><div class=\"slider-item-inner\"><div class=\"slider-item-media\"><img fetchpriority=\"high\" decoding=\"async\" width=\"2560\" height=\"2560\" src=\"https:\/\/dev-action.teoria.agency\/wp-content\/uploads\/2023\/10\/1-scaled.jpg\" class=\"attachment-full size-full wp-image-16213\" alt=\"\" srcset=\"https:\/\/dev-action.teoria.agency\/wp-content\/uploads\/2023\/10\/1-scaled.jpg 2560w, https:\/\/dev-action.teoria.agency\/wp-content\/uploads\/2023\/10\/1-300x300.jpg 300w, https:\/\/dev-action.teoria.agency\/wp-content\/uploads\/2023\/10\/1-1024x1024.jpg 1024w, https:\/\/dev-action.teoria.agency\/wp-content\/uploads\/2023\/10\/1-150x150.jpg 150w, https:\/\/dev-action.teoria.agency\/wp-content\/uploads\/2023\/10\/1-768x768.jpg 768w, https:\/\/dev-action.teoria.agency\/wp-content\/uploads\/2023\/10\/1-1536x1536.jpg 1536w, https:\/\/dev-action.teoria.agency\/wp-content\/uploads\/2023\/10\/1-2048x2048.jpg 2048w, https:\/\/dev-action.teoria.agency\/wp-content\/uploads\/2023\/10\/1-12x12.jpg 12w\" sizes=\"(max-width: 2560px) 100vw, 2560px\" \/><\/div><\/div><\/div><div class=\"slider-item\"><div class=\"slider-item-inner\"><div class=\"slider-item-media\"><img decoding=\"async\" width=\"2560\" height=\"2560\" src=\"https:\/\/dev-action.teoria.agency\/wp-content\/uploads\/2023\/10\/2-scaled.jpg\" class=\"attachment-full size-full wp-image-16214\" alt=\"\" srcset=\"https:\/\/dev-action.teoria.agency\/wp-content\/uploads\/2023\/10\/2-scaled.jpg 2560w, https:\/\/dev-action.teoria.agency\/wp-content\/uploads\/2023\/10\/2-300x300.jpg 300w, https:\/\/dev-action.teoria.agency\/wp-content\/uploads\/2023\/10\/2-1024x1024.jpg 1024w, https:\/\/dev-action.teoria.agency\/wp-content\/uploads\/2023\/10\/2-150x150.jpg 150w, https:\/\/dev-action.teoria.agency\/wp-content\/uploads\/2023\/10\/2-768x768.jpg 768w, https:\/\/dev-action.teoria.agency\/wp-content\/uploads\/2023\/10\/2-1536x1536.jpg 1536w, https:\/\/dev-action.teoria.agency\/wp-content\/uploads\/2023\/10\/2-2048x2048.jpg 2048w, https:\/\/dev-action.teoria.agency\/wp-content\/uploads\/2023\/10\/2-12x12.jpg 12w\" sizes=\"(max-width: 2560px) 100vw, 2560px\" \/><\/div><\/div><\/div><div class=\"slider-item\"><div class=\"slider-item-inner\"><div class=\"slider-item-media\"><img decoding=\"async\" width=\"2560\" height=\"2560\" src=\"https:\/\/dev-action.teoria.agency\/wp-content\/uploads\/2023\/10\/3-scaled.jpg\" class=\"attachment-full size-full wp-image-16215\" alt=\"\" srcset=\"https:\/\/dev-action.teoria.agency\/wp-content\/uploads\/2023\/10\/3-scaled.jpg 2560w, https:\/\/dev-action.teoria.agency\/wp-content\/uploads\/2023\/10\/3-300x300.jpg 300w, https:\/\/dev-action.teoria.agency\/wp-content\/uploads\/2023\/10\/3-1024x1024.jpg 1024w, https:\/\/dev-action.teoria.agency\/wp-content\/uploads\/2023\/10\/3-150x150.jpg 150w, https:\/\/dev-action.teoria.agency\/wp-content\/uploads\/2023\/10\/3-768x768.jpg 768w, https:\/\/dev-action.teoria.agency\/wp-content\/uploads\/2023\/10\/3-1536x1536.jpg 1536w, https:\/\/dev-action.teoria.agency\/wp-content\/uploads\/2023\/10\/3-2048x2048.jpg 2048w, https:\/\/dev-action.teoria.agency\/wp-content\/uploads\/2023\/10\/3-12x12.jpg 12w\" sizes=\"(max-width: 2560px) 100vw, 2560px\" \/><\/div><\/div><\/div><div class=\"slider-item\"><div class=\"slider-item-inner\"><div class=\"slider-item-media\"><img loading=\"lazy\" decoding=\"async\" width=\"2560\" height=\"2560\" src=\"https:\/\/dev-action.teoria.agency\/wp-content\/uploads\/2023\/10\/4-scaled.jpg\" class=\"attachment-full size-full wp-image-16212\" alt=\"\" srcset=\"https:\/\/dev-action.teoria.agency\/wp-content\/uploads\/2023\/10\/4-scaled.jpg 2560w, https:\/\/dev-action.teoria.agency\/wp-content\/uploads\/2023\/10\/4-300x300.jpg 300w, https:\/\/dev-action.teoria.agency\/wp-content\/uploads\/2023\/10\/4-1024x1024.jpg 1024w, https:\/\/dev-action.teoria.agency\/wp-content\/uploads\/2023\/10\/4-150x150.jpg 150w, https:\/\/dev-action.teoria.agency\/wp-content\/uploads\/2023\/10\/4-768x768.jpg 768w, https:\/\/dev-action.teoria.agency\/wp-content\/uploads\/2023\/10\/4-1536x1536.jpg 1536w, https:\/\/dev-action.teoria.agency\/wp-content\/uploads\/2023\/10\/4-2048x2048.jpg 2048w, https:\/\/dev-action.teoria.agency\/wp-content\/uploads\/2023\/10\/4-12x12.jpg 12w\" sizes=\"(max-width: 2560px) 100vw, 2560px\" \/><\/div><\/div><\/div>                    <\/div>\n                <\/div>\n            <\/div>\n\n            <div class=\"owl-dots owl-dots-4f374ef\"><\/div>\n        <\/div>\n        \t\t\t\t<\/div>\n\t\t\t\t<\/div>\n\t\t\t\t\t<\/div>\n\t\t<\/div>\n\t\t\t\t\t<\/div>\n\t\t<\/section>\n\t\t\t\t\t<\/div>\n\t\t<\/div>\n\t\t\t\t\t<\/div>\n\t\t<\/section>\n\t\t\t\t<section class=\"elementor-section elementor-top-section elementor-element elementor-element-4ff2f36 elementor-reverse-tablet elementor-reverse-mobile_extra elementor-reverse-mobile elementor-section-boxed elementor-section-height-default elementor-section-height-default\" data-id=\"4ff2f36\" data-element_type=\"section\" data-e-type=\"section\">\n\t\t\t\t\t\t<div class=\"elementor-container elementor-column-gap-wide\">\n\t\t\t\t\t<div class=\"elementor-column elementor-col-50 elementor-top-column elementor-element elementor-element-bc4f1d4\" data-id=\"bc4f1d4\" data-element_type=\"column\" data-e-type=\"column\">\n\t\t\t<div class=\"elementor-widget-wrap elementor-element-populated\">\n\t\t\t\t\t\t<div class=\"elementor-element elementor-element-d9228fe elementor-widget elementor-widget-image\" data-id=\"d9228fe\" data-element_type=\"widget\" data-e-type=\"widget\" data-widget_type=\"image.default\">\n\t\t\t\t<div class=\"elementor-widget-container\">\n\t\t\t\t\t\t\t\t\t\t\t\t\t\t\t<img loading=\"lazy\" decoding=\"async\" width=\"600\" height=\"600\" src=\"https:\/\/dev-action.teoria.agency\/wp-content\/uploads\/2023\/11\/Action-Electric_Iconografia-24.svg\" class=\"attachment-full size-full wp-image-17198\" alt=\"\" \/>\t\t\t\t\t\t\t\t\t\t\t\t\t\t\t<\/div>\n\t\t\t\t<\/div>\n\t\t\t\t\t<\/div>\n\t\t<\/div>\n\t\t\t\t<div class=\"elementor-column elementor-col-50 elementor-top-column elementor-element elementor-element-687969e\" data-id=\"687969e\" data-element_type=\"column\" data-e-type=\"column\">\n\t\t\t<div class=\"elementor-widget-wrap elementor-element-populated\">\n\t\t\t\t\t\t<div class=\"elementor-element elementor-element-186d16a elementor-widget elementor-widget-industrium_heading\" data-id=\"186d16a\" data-element_type=\"widget\" data-e-type=\"widget\" data-widget_type=\"industrium_heading.default\">\n\t\t\t\t<div class=\"elementor-widget-container\">\n\t\t\t\t\t<div class=\"industrium-heading-widget\"><h2 class=\"industrium-heading\"><span class=\"industrium-subheading\">Projets \/ Solutions personnalis\u00e9es<\/span><span class=\"industrium-heading-content\">Avantages<\/span><\/h2><\/div>\t\t\t\t<\/div>\n\t\t\t\t<\/div>\n\t\t\t\t<div class=\"elementor-element elementor-element-c13fd56 elementor-widget elementor-widget-text-editor\" data-id=\"c13fd56\" data-element_type=\"widget\" data-e-type=\"widget\" data-widget_type=\"text-editor.default\">\n\t\t\t\t<div class=\"elementor-widget-container\">\n\t\t\t\t\t\t\t\t\t<p><strong>Savoir-faire et exp\u00e9rience - <\/strong>Gr\u00e2ce au savoir-faire d'une \u00e9quipe sp\u00e9cialis\u00e9e, nous vous garantissons les meilleures solutions quels que soient vos besoins.<\/p>\t\t\t\t\t\t\t\t<\/div>\n\t\t\t\t<\/div>\n\t\t\t\t<div class=\"elementor-element elementor-element-39eb0bc elementor-widget elementor-widget-text-editor\" data-id=\"39eb0bc\" data-element_type=\"widget\" data-e-type=\"widget\" data-widget_type=\"text-editor.default\">\n\t\t\t\t<div class=\"elementor-widget-container\">\n\t\t\t\t\t\t\t\t\t<p><strong>Conception personnalis\u00e9e - <\/strong>Partagez votre id\u00e9e avec nous, laissez-nous l'analyser et vous proposer la meilleure solution de d\u00e9veloppement pour votre projet sp\u00e9cial. Nous disposons des ressources n\u00e9cessaires pour d\u00e9velopper des outils ou des solutions sur mesure qui r\u00e9pondent parfaitement \u00e0 vos besoins.<\/p>\t\t\t\t\t\t\t\t<\/div>\n\t\t\t\t<\/div>\n\t\t\t\t\t<\/div>\n\t\t<\/div>\n\t\t\t\t\t<\/div>\n\t\t<\/section>\n\t\t\t\t<section class=\"elementor-section elementor-top-section elementor-element elementor-element-92db68a elementor-section-boxed elementor-section-height-default elementor-section-height-default\" data-id=\"92db68a\" data-element_type=\"section\" data-e-type=\"section\">\n\t\t\t\t\t\t<div class=\"elementor-container elementor-column-gap-default\">\n\t\t\t\t\t<div class=\"elementor-column elementor-col-100 elementor-top-column elementor-element elementor-element-2565ee7\" data-id=\"2565ee7\" data-element_type=\"column\" data-e-type=\"column\">\n\t\t\t<div class=\"elementor-widget-wrap elementor-element-populated\">\n\t\t\t\t\t\t<section class=\"elementor-section elementor-inner-section elementor-element elementor-element-bf46ee1 elementor-section-row-wrap elementor-section-height-min-height elementor-section-boxed elementor-section-height-default\" data-id=\"bf46ee1\" data-element_type=\"section\" data-e-type=\"section\" data-settings=\"{&quot;background_background&quot;:&quot;classic&quot;}\">\n\t\t\t\t\t\t\t<div class=\"elementor-background-overlay\"><\/div>\n\t\t\t\t\t\t\t<div class=\"elementor-container elementor-column-gap-wide\">\n\t\t\t\t\t<div class=\"elementor-column elementor-col-100 elementor-inner-column elementor-element elementor-element-b77eb45\" data-id=\"b77eb45\" data-element_type=\"column\" data-e-type=\"column\" data-settings=\"{&quot;background_background&quot;:&quot;classic&quot;}\">\n\t\t\t<div class=\"elementor-widget-wrap elementor-element-populated\">\n\t\t\t\t\t\t<div class=\"elementor-element elementor-element-2d1e1c4 elementor-widget elementor-widget-industrium_heading\" data-id=\"2d1e1c4\" data-element_type=\"widget\" data-e-type=\"widget\" data-widget_type=\"industrium_heading.default\">\n\t\t\t\t<div class=\"elementor-widget-container\">\n\t\t\t\t\t<div class=\"industrium-heading-widget\"><h2 class=\"industrium-heading\"><span class=\"industrium-heading-content\">Demandez-nous un devis<\/span><\/h2><\/div>\t\t\t\t<\/div>\n\t\t\t\t<\/div>\n\t\t\t\t<div class=\"elementor-element elementor-element-2813976 popupopen elementor-widget elementor-widget-industrium_button\" data-id=\"2813976\" data-element_type=\"widget\" data-e-type=\"widget\" data-widget_type=\"industrium_button.default\">\n\t\t\t\t<div class=\"elementor-widget-container\">\n\t\t\t\t\t\n        <div class=\"button-widget\">\n            <div class=\"button-container\">\n                <a class=\"industrium-button button-type-2\" href=\"#\" >\n                    <span class=\"industrium-button-text\">Demande de devis<\/span>                    \n                <\/a>\n            <\/div>\n        <\/div>\n        \t\t\t\t<\/div>\n\t\t\t\t<\/div>\n\t\t\t\t\t<\/div>\n\t\t<\/div>\n\t\t\t\t\t<\/div>\n\t\t<\/section>\n\t\t\t\t\t<\/div>\n\t\t<\/div>\n\t\t\t\t\t<\/div>\n\t\t<\/section>\n\t\t\t\t<\/div>","protected":false},"excerpt":{"rendered":"<p>Procura uma solu\u00e7\u00e3o diferente que n\u00e3o se enquadra nas solu\u00e7\u00f5es standard? Podemos ajud\u00e1-lo, planeando e desenvolvendo projetos de todo o tipo de quadros el\u00e9tricos \u00e0 medida, que permitam responder \u00e0s suas exig\u00eancias e necessidades, cumprindo as normas de mercado. Know-How e&#8230;<\/p>","protected":false},"author":1,"featured_media":0,"parent":0,"menu_order":0,"comment_status":"closed","ping_status":"closed","template":"","meta":{"footnotes":""},"class_list":["post-16536","page","type-page","status-publish","hentry"],"aioseo_notices":[],"_links":{"self":[{"href":"https:\/\/dev-action.teoria.agency\/fr\/wp-json\/wp\/v2\/pages\/16536","targetHints":{"allow":["GET"]}}],"collection":[{"href":"https:\/\/dev-action.teoria.agency\/fr\/wp-json\/wp\/v2\/pages"}],"about":[{"href":"https:\/\/dev-action.teoria.agency\/fr\/wp-json\/wp\/v2\/types\/page"}],"author":[{"embeddable":true,"href":"https:\/\/dev-action.teoria.agency\/fr\/wp-json\/wp\/v2\/users\/1"}],"replies":[{"embeddable":true,"href":"https:\/\/dev-action.teoria.agency\/fr\/wp-json\/wp\/v2\/comments?post=16536"}],"version-history":[{"count":30,"href":"https:\/\/dev-action.teoria.agency\/fr\/wp-json\/wp\/v2\/pages\/16536\/revisions"}],"predecessor-version":[{"id":17434,"href":"https:\/\/dev-action.teoria.agency\/fr\/wp-json\/wp\/v2\/pages\/16536\/revisions\/17434"}],"wp:attachment":[{"href":"https:\/\/dev-action.teoria.agency\/fr\/wp-json\/wp\/v2\/media?parent=16536"}],"curies":[{"name":"wp","href":"https:\/\/api.w.org\/{rel}","templated":true}]}}